{"id":10246,"date":"2024-09-18T15:58:39","date_gmt":"2024-09-18T13:58:39","guid":{"rendered":"https:\/\/www.marbellaunique.com\/?page_id=10246"},"modified":"2024-09-18T15:58:41","modified_gmt":"2024-09-18T13:58:41","slug":"cookies","status":"publish","type":"page","link":"https:\/\/www.marbellaunique.com\/es\/cookies","title":{"rendered":"Cookies"},"content":{"rendered":"\n<div class=\"wp-block-group has-global-padding is-layout-constrained wp-block-group-is-layout-constrained\">\n<h2 class=\"wp-block-heading\">Pol\u00edtica de cookies<\/h2>\n\n\n\n<p>El objetivo de esta pol\u00edtica de cookies es informarle de manera clara y precisa sobre el uso de cookies en nuestro sitio web. Si tiene alguna pregunta o duda sobre esta pol\u00edtica de cookies o sobre nuestro uso de las cookies, p\u00f3ngase en contacto con nosotros utilizando la informaci\u00f3n que aparece al final de este documento.<\/p>\n\n\n\n<p><strong>\u00bfQU\u00c9 SON LAS COOKIES?<\/strong><\/p>\n\n\n\n<p>Las cookies son peque\u00f1os archivos de datos que se colocan en su ordenador o dispositivo m\u00f3vil cuando visita un sitio web. Los propietarios de sitios web utilizan ampliamente las cookies para que sus sitios web funcionen, o para que lo hagan de forma m\u00e1s eficiente, as\u00ed como para proporcionar informaci\u00f3n de informes.<\/p>\n\n\n\n<p>Las cookies establecidas por el propietario del sitio web (nosotros en este caso) se denominan \u00abcookies de origen\u00bb. Las cookies establecidas por terceros distintos del propietario del sitio web se denominan \u00abcookies de terceros\u00bb. Las cookies de terceros permiten ofrecer caracter\u00edsticas o funciones de terceros en el sitio web o a trav\u00e9s de \u00e9l (por ejemplo, publicidad, contenido interactivo y an\u00e1lisis). Las partes que establecen estas cookies de terceros pueden reconocer su ordenador tanto cuando visita el sitio web en cuesti\u00f3n como cuando visita otros sitios web.<\/p>\n\n\n\n<p><strong>\u00bfPOR QU\u00c9 UTILIZAMOS COOKIES?<\/strong><\/p>\n\n\n\n<p>Utilizamos cookies propias y de terceros por varias razones. Algunas cookies son necesarias por razones t\u00e9cnicas para que nuestro sitio web funcione, y nos referimos a ellas como cookies \u00abesenciales\u00bb o \u00abestrictamente necesarias\u00bb. Otras cookies tambi\u00e9n nos permiten rastrear y orientar los intereses de nuestros usuarios para mejorar la experiencia en nuestro sitio web. Terceros sirven cookies a trav\u00e9s de nuestros sitios web con fines publicitarios, anal\u00edticos y otros. Esto se describe con m\u00e1s detalle a continuaci\u00f3n.<\/p>\n\n\n\n<p><strong>\u00bfQU\u00c9 TIPOS DE COOKIES UTILIZAMOS?<\/strong><\/p>\n\n\n\n<ul class=\"wp-block-list\">\n<li><strong>Cookies esenciales del sitio web<\/strong>: Estas cookies son estrictamente necesarias para prestarle los servicios disponibles a trav\u00e9s de nuestro sitio web y para utilizar algunas de sus funciones, como el acceso a zonas seguras.<\/li>\n\n\n\n<li><strong>Cookies de rendimiento y funcionalidad<\/strong>: Estas cookies se utilizan para mejorar el rendimiento y la funcionalidad de nuestro sitio web, pero no son esenciales para su uso. Sin embargo, sin estas cookies, algunas funciones pueden dejar de estar disponibles.<\/li>\n\n\n\n<li><strong>Cookies anal\u00edticas y de personalizaci\u00f3n<\/strong>: Estas cookies recopilan informaci\u00f3n que se utiliza de forma agregada para ayudarnos a comprender c\u00f3mo se utiliza nuestro sitio web o la eficacia de nuestras campa\u00f1as de marketing, o para ayudarnos a personalizar nuestro sitio web para usted.<\/li>\n\n\n\n<li><strong>Cookies publicitarias<\/strong>: Estas cookies se utilizan para que los mensajes publicitarios sean m\u00e1s relevantes para usted. Realizan funciones como evitar que el mismo anuncio reaparezca continuamente, garantizar que los anuncios se muestren correctamente para los anunciantes y, en algunos casos, seleccionar anuncios que se basen en sus intereses.<\/li>\n\n\n\n<li><strong>Cookies de redes sociales<\/strong>: Estas cookies se utilizan para permitirle compartir p\u00e1ginas y contenidos que le parezcan interesantes en nuestro sitio web a trav\u00e9s de redes sociales de terceros y otros sitios web. Estas cookies tambi\u00e9n pueden utilizarse con fines publicitarios.<\/li>\n<\/ul>\n\n\n\n<p><strong>\u00bfC\u00d3MO SE PUEDEN CONTROLAR LAS COOKIES?<\/strong><\/p>\n\n\n\n<p>Usted tiene derecho a decidir si acepta o rechaza las cookies. Puede ejercer sus derechos sobre las cookies configurando sus preferencias en el Gestor de consentimiento de cookies que aparece a continuaci\u00f3n. El Gestor de Consentimiento de Cookies le permite seleccionar qu\u00e9 categor\u00edas de cookies acepta o rechaza. Las cookies esenciales no pueden rechazarse, ya que son estrictamente necesarias para prestarle servicios.<\/p>\n\n\n\n<p>Tambi\u00e9n puede controlar el uso de cookies en su navegador web. Los pasos espec\u00edficos para controlar y eliminar las cookies var\u00edan de un navegador a otro. Si prefiere gestionar manualmente las cookies, puede ajustar la configuraci\u00f3n de su navegador para eliminar las cookies o impedir su aceptaci\u00f3n autom\u00e1tica. Tenga en cuenta, no obstante, que si decide rechazar las cookies, es posible que no pueda utilizar todas las funciones de nuestro sitio web.<\/p>\n\n\n\n<p><strong>CAMBIOS EN NUESTRA POL\u00cdTICA DE COOKIES<\/strong><\/p>\n\n\n\n<p>Podemos actualizar esta Pol\u00edtica de Cookies de vez en cuando para reflejar, por ejemplo, los cambios en las cookies que utilizamos o por otras razones operativas, legales o reglamentarias. Por lo tanto, vuelva a visitar esta Pol\u00edtica de Cookies con regularidad para mantenerse informado sobre nuestro uso de cookies y tecnolog\u00edas relacionadas.<\/p>\n\n\n\n<p><strong>PROPIEDAD DE ESTE SITIO WEB<\/strong><\/p>\n\n\n\n<p>Este sitio web es propiedad de Marbella Unique Homes SL con CIF B93240380 y domicilio en C\/ Jes\u00fas Puente, Lc-25 29660, Pto. Ban\u00fas &#8211; Marbella (Espa\u00f1a) e inscrita en el Registro Mercantil de M\u00e1laga (Espa\u00f1a) con los siguientes datos al tomo 3364, libro 2276, folio 186, hoja MA-64905, inscripci\u00f3n 1.<\/p>\n\n\n\n<p>Para cualquier consulta o propuesta, puede ponerse en contacto con nosotros a trav\u00e9s de este\u00a0<a href=\"\/es\/contacto\">formulario de contacto<\/a>.<\/p>\n\n\n\n<p>Al continuar utilizando nuestro sitio web, usted acepta nuestro uso de cookies como se describe en esta Pol\u00edtica de Cookies.<\/p>\n\n\n\n<div style=\"height:50px\" aria-hidden=\"true\" class=\"wp-block-spacer\"><\/div>\n<\/div>\n","protected":false},"excerpt":{"rendered":"<p>Pol\u00edtica de cookies El objetivo de esta pol\u00edtica de cookies es informarle de manera clara y precisa sobre el uso de cookies en nuestro sitio web. Si tiene alguna pregunta o duda sobre esta pol\u00edtica de cookies o sobre nuestro uso de las cookies, p\u00f3ngase en contacto con nosotros utilizando la informaci\u00f3n que aparece al [&hellip;]<\/p>\n","protected":false},"author":1,"featured_media":0,"parent":0,"menu_order":0,"comment_status":"closed","ping_status":"closed","template":"fixed-header","meta":{"footnotes":""},"class_list":["post-10246","page","type-page","status-publish","hentry"],"_links":{"self":[{"href":"https:\/\/www.marbellaunique.com\/es\/wp-json\/wp\/v2\/pages\/10246","targetHints":{"allow":["GET"]}}],"collection":[{"href":"https:\/\/www.marbellaunique.com\/es\/wp-json\/wp\/v2\/pages"}],"about":[{"href":"https:\/\/www.marbellaunique.com\/es\/wp-json\/wp\/v2\/types\/page"}],"author":[{"embeddable":true,"href":"https:\/\/www.marbellaunique.com\/es\/wp-json\/wp\/v2\/users\/1"}],"replies":[{"embeddable":true,"href":"https:\/\/www.marbellaunique.com\/es\/wp-json\/wp\/v2\/comments?post=10246"}],"version-history":[{"count":1,"href":"https:\/\/www.marbellaunique.com\/es\/wp-json\/wp\/v2\/pages\/10246\/revisions"}],"predecessor-version":[{"id":10247,"href":"https:\/\/www.marbellaunique.com\/es\/wp-json\/wp\/v2\/pages\/10246\/revisions\/10247"}],"wp:attachment":[{"href":"https:\/\/www.marbellaunique.com\/es\/wp-json\/wp\/v2\/media?parent=10246"}],"curies":[{"name":"wp","href":"https:\/\/api.w.org\/{rel}","templated":true}]}}