{"id":9273,"date":"2024-02-28T15:19:02","date_gmt":"2024-02-28T14:19:02","guid":{"rendered":"https:\/\/www.marbellaunique.com\/about"},"modified":"2025-10-16T11:21:57","modified_gmt":"2025-10-16T09:21:57","slug":"sobre-nosotros","status":"publish","type":"page","link":"https:\/\/www.marbellaunique.com\/es\/sobre-nosotros","title":{"rendered":"Sobre Nosotros"},"content":{"rendered":"\n<div class=\"wp-block-cover is-light jaleo-page-cover\" style=\"min-height:598px;aspect-ratio:unset;\"><img loading=\"lazy\" decoding=\"async\" width=\"2560\" height=\"1707\" class=\"wp-block-cover__image-background wp-image-10329\" alt=\"\" src=\"https:\/\/www.marbellaunique.com\/wp-content\/uploads\/2024\/12\/tav9156-hdr-1-scaled.jpg\" style=\"object-position:64% 53%\" data-object-fit=\"cover\" data-object-position=\"64% 53%\" srcset=\"https:\/\/www.marbellaunique.com\/wp-content\/uploads\/2024\/12\/tav9156-hdr-1-scaled.jpg 2560w, https:\/\/www.marbellaunique.com\/wp-content\/uploads\/2024\/12\/tav9156-hdr-1-1024x683.jpg 1024w, https:\/\/www.marbellaunique.com\/wp-content\/uploads\/2024\/12\/tav9156-hdr-1-1920x1280.jpg 1920w, https:\/\/www.marbellaunique.com\/wp-content\/uploads\/2024\/12\/tav9156-hdr-1-768x512.jpg 768w, https:\/\/www.marbellaunique.com\/wp-content\/uploads\/2024\/12\/tav9156-hdr-1-50x33.jpg 50w, https:\/\/www.marbellaunique.com\/wp-content\/uploads\/2024\/12\/tav9156-hdr-1-1600x1067.jpg 1600w, https:\/\/www.marbellaunique.com\/wp-content\/uploads\/2024\/12\/tav9156-hdr-1-1536x1024.jpg 1536w, https:\/\/www.marbellaunique.com\/wp-content\/uploads\/2024\/12\/tav9156-hdr-1-2048x1365.jpg 2048w\" sizes=\"auto, (max-width: 2560px) 100vw, 2560px\" \/><span aria-hidden=\"true\" class=\"wp-block-cover__background has-background-dim-0 has-background-dim\" style=\"background-color:#a29e94\"><\/span><div class=\"wp-block-cover__inner-container has-global-padding is-layout-constrained wp-block-cover-is-layout-constrained\">\n<h2 class=\"wp-block-heading has-text-align-center has-base-color has-text-color has-link-color has-xx-large-font-size wp-elements-6ab27db05788f786f6c9ddcaf5ffe35d\">Sobre nosotros<\/h2>\n<\/div><\/div>\n\n\n\n<h2 class=\"wp-block-heading has-text-align-center\">Bienvenidos a Marbella Unique<\/h2>\n\n\n\n<div id=\"company\" class=\"wp-block-group jaleo--container-75-center has-global-padding is-layout-constrained wp-block-group-is-layout-constrained\">\n<p class=\"has-text-align-center\">Somos una Agencia Inmobiliaria boutique ubicada en Puerto Ban\u00fas, Marbella. Desde nuestra fundaci\u00f3n en 2013, hemos conformado un equipo de expertos en el sector inmobiliario con un profundo conocimiento de la industria. Nos enorgullece ofrecer un servicio personalizado, yendo m\u00e1s all\u00e1 de una simple transacci\u00f3n. Estamos aqu\u00ed para guiarte en cada paso del proceso.<\/p>\n\n\n\n<p class=\"has-text-align-center\">Nuestra misi\u00f3n es simplificar tanto el alquiler como la compra o venta de propiedades, brind\u00e1ndote la tranquilidad que mereces en este emocionante viaje. Nos esforzamos por hacer que cada etapa de tu experiencia inmobiliaria sea clara, eficiente y libre de estr\u00e9s.<\/p>\n<\/div>\n\n\n\n<section class=\"wp-block-group alignfull jaleo-herobox jaleo-right has-global-padding is-layout-constrained wp-block-group-is-layout-constrained\" id=\"team\">\n<div class=\"wp-block-group alignfull has-background has-global-padding is-layout-constrained wp-container-core-group-is-layout-fb8a3fa2 wp-block-group-is-layout-constrained\" style=\"background-color:#f3f3f3;margin-top:var(--wp--preset--spacing--40);margin-bottom:var(--wp--preset--spacing--40);padding-top:var(--wp--preset--spacing--40);padding-right:var(--wp--preset--spacing--50);padding-bottom:var(--wp--preset--spacing--40);padding-left:var(--wp--preset--spacing--50)\">\n<div class=\"wp-block-group is-vertical is-content-justification-center is-layout-flex wp-container-core-group-is-layout-ce155fab wp-block-group-is-layout-flex\">\n<p class=\"has-text-align-center has-x-large-font-size\"><strong>Por qu\u00e9 elegir Marbella Unique<\/strong><\/p>\n<\/div>\n\n\n\n<div class=\"wp-block-columns alignwide is-layout-flex wp-container-core-columns-is-layout-4935966c wp-block-columns-is-layout-flex\" style=\"padding-right:0;padding-left:0\">\n<div class=\"wp-block-column is-layout-flow wp-block-column-is-layout-flow\">\n<div class=\"wp-block-group is-vertical is-content-justification-center is-nowrap is-layout-flex wp-container-core-group-is-layout-21d4e958 wp-block-group-is-layout-flex\">\n<p class=\"has-text-align-center has-small-font-size\"><strong>Experiencia personalizada<\/strong><\/p>\n\n\n\n<p class=\"has-text-align-center\">Entendemos que cada cliente es \u00fanico, por lo que ajustamos nuestros servicios para ofrecerte un servicio ajustado a tus necesidades. <\/p>\n<\/div>\n<\/div>\n\n\n\n<div class=\"wp-block-column is-layout-flow wp-block-column-is-layout-flow\">\n<div class=\"wp-block-group is-vertical is-content-justification-center is-nowrap is-layout-flex wp-container-core-group-is-layout-63bfd6c1 wp-block-group-is-layout-flex\">\n<p class=\"has-text-align-center has-small-font-size\"><strong>Amplio conocimiento del mercado<\/strong><\/p>\n\n\n\n<p class=\"has-text-align-center\">Nuestro equipo tiene un profundo conocimiento del sector inmobiliario, asegur\u00e1ndote de que recibas el mejor asesoramiento posible.<\/p>\n<\/div>\n<\/div>\n\n\n\n<div class=\"wp-block-column is-layout-flow wp-block-column-is-layout-flow\">\n<div class=\"wp-block-group is-vertical is-content-justification-center is-nowrap is-layout-flex wp-container-core-group-is-layout-63bfd6c1 wp-block-group-is-layout-flex\">\n<p class=\"has-text-align-center has-small-font-size\"><strong>Apoyo integral<\/strong><\/p>\n\n\n\n<p class=\"has-text-align-center\">Te acompa\u00f1amos en cada paso del camino, desde encontrar la propiedad ideal hasta completar la transacci\u00f3n y m\u00e1s all\u00e1.<\/p>\n<\/div>\n<\/div>\n<\/div>\n<\/div>\n\n\n\n<div class=\"wp-block-columns alignwide are-vertically-aligned-center is-layout-flex wp-container-core-columns-is-layout-6964ed94 wp-block-columns-is-layout-flex\" style=\"padding-right:0;padding-left:0\">\n<div class=\"wp-block-column is-vertically-aligned-center is-layout-flow wp-block-column-is-layout-flow\" style=\"flex-basis:50%\">\n<h1 class=\"wp-block-heading has-text-align-right has-contrast-2-color has-text-color has-link-color has-heading-font-family has-x-large-font-size wp-elements-7f67a58bae25ab68240082900c4dc8f5\" style=\"text-transform:none\">Lucio Gonz\u00e1lez<\/h1>\n\n\n\n<p class=\"has-text-align-right\">Co-propietario de Marbella Unique, aporta un amplio conocimiento local y m\u00e1s de 25 a\u00f1os de experiencia en el sector inmobiliario de lujo en Marbella y la Costa del Sol. Habla ingl\u00e9s y espa\u00f1ol con fluidez y posee el t\u00edtulo de Administraci\u00f3n de Empresas de la Universidad de M\u00e1laga. Lucio garantiza transacciones eficientes y exitosas, aprovechando sus s\u00f3lidos lazos comunitarios y perspectiva global.<\/p>\n\n\n\n<p class=\"has-text-align-right has-contrast-2-color has-text-color has-link-color has-small-font-size wp-elements-5259042b4b9d645a87dbb9115c7c11ee\" style=\"font-style:normal;font-weight:400\"><a href=\"mailto:lucio@marbellaunique.com\">lucio@marbellaunique.com<br><\/a><a href=\"tel:+34638493347\" data-type=\"tel\" data-id=\"tel:+34638493347\">+34 638 493 347<\/a><\/p>\n\n\n\n<div class=\"wp-block-buttons is-content-justification-right is-layout-flex wp-container-core-buttons-is-layout-d445cf74 wp-block-buttons-is-layout-flex\"><\/div>\n<\/div>\n\n\n\n<div class=\"wp-block-column is-vertically-aligned-center is-layout-flow wp-block-column-is-layout-flow\" style=\"flex-basis:50%\">\n<figure class=\"wp-block-image size-full is-style-default wp-duotone-duotone-2\"><img loading=\"lazy\" decoding=\"async\" width=\"1080\" height=\"1080\" src=\"https:\/\/www.marbellaunique.com\/wp-content\/uploads\/2024\/10\/unique-duenos.png\" alt=\"\" class=\"wp-image-10263\" style=\"aspect-ratio:1;object-fit:cover\" srcset=\"https:\/\/www.marbellaunique.com\/wp-content\/uploads\/2024\/10\/unique-duenos.png 1080w, https:\/\/www.marbellaunique.com\/wp-content\/uploads\/2024\/10\/unique-duenos-1024x1024.png 1024w, https:\/\/www.marbellaunique.com\/wp-content\/uploads\/2024\/10\/unique-duenos-768x768.png 768w, https:\/\/www.marbellaunique.com\/wp-content\/uploads\/2024\/10\/unique-duenos-50x50.png 50w\" sizes=\"auto, (max-width: 1080px) 100vw, 1080px\" \/><\/figure>\n<\/div>\n<\/div>\n<\/section>\n\n\n\n<section class=\"wp-block-group alignfull jaleo-herobox has-global-padding is-layout-constrained wp-block-group-is-layout-constrained\">\n<div class=\"wp-block-columns alignwide are-vertically-aligned-center is-layout-flex wp-container-core-columns-is-layout-6964ed94 wp-block-columns-is-layout-flex\" style=\"padding-right:0;padding-left:0\">\n<div class=\"wp-block-column is-vertically-aligned-center is-layout-flow wp-block-column-is-layout-flow\" style=\"flex-basis:50%\">\n<figure class=\"wp-block-image size-full is-style-default wp-duotone-unset-2\"><img loading=\"lazy\" decoding=\"async\" width=\"1080\" height=\"1080\" src=\"https:\/\/www.marbellaunique.com\/wp-content\/uploads\/2024\/10\/unique-duenos-1-1.png\" alt=\"\" class=\"wp-image-10266\" style=\"aspect-ratio:1;object-fit:cover\" srcset=\"https:\/\/www.marbellaunique.com\/wp-content\/uploads\/2024\/10\/unique-duenos-1-1.png 1080w, https:\/\/www.marbellaunique.com\/wp-content\/uploads\/2024\/10\/unique-duenos-1-1-1024x1024.png 1024w, https:\/\/www.marbellaunique.com\/wp-content\/uploads\/2024\/10\/unique-duenos-1-1-768x768.png 768w, https:\/\/www.marbellaunique.com\/wp-content\/uploads\/2024\/10\/unique-duenos-1-1-50x50.png 50w\" sizes=\"auto, (max-width: 1080px) 100vw, 1080px\" \/><\/figure>\n<\/div>\n\n\n\n<div class=\"wp-block-column is-vertically-aligned-center is-layout-flow wp-block-column-is-layout-flow\" style=\"flex-basis:50%\">\n<h1 class=\"wp-block-heading has-contrast-2-color has-text-color has-link-color has-heading-font-family has-x-large-font-size wp-elements-5861fb566f4910da7ccddfa9b68047a0\" style=\"text-transform:none\">Yolanda L\u00f3pez<\/h1>\n\n\n\n<p>Yolanda L\u00f3pez, co-propietaria de Marbella Unique y figura destacada en el sector inmobiliario de Marbella desde 1992. Con una s\u00f3lida formaci\u00f3n en idiomas y una Diplomatura en Turismo, Yolanda tiene experiencia en hoteles de cinco estrellas como Marbella Club Hotel y Kempinski Resort Hotel Estepona, entre otros. Habla alem\u00e1n, ingl\u00e9s, franc\u00e9s y espa\u00f1ol con fluidez. Su especializaci\u00f3n en propiedades de lujo y su compromiso con la satisfacci\u00f3n del cliente han sido clave para liderar con \u00e9xito m\u00faltiples transacciones y desarrollar una cartera de clientes consolidada, lo que la convierte en un pilar fundamental de nuestro equipo<\/p>\n\n\n\n<p class=\"has-contrast-2-color has-text-color has-link-color has-small-font-size wp-elements-73d231fb61174264bbcdf68ad9647020\" style=\"font-style:normal;font-weight:400\"><a href=\"mailto:yolanda@marbellaunique.com\">yolanda@marbellaunique.com<br><\/a><a href=\"tel:+34617811184\" data-type=\"tel\" data-id=\"tel:+34617811184\">+34 617 811 184<\/a><\/p>\n\n\n\n<div class=\"wp-block-buttons is-layout-flex wp-block-buttons-is-layout-flex\"><\/div>\n<\/div>\n<\/div>\n<\/section>\n\n\n\n<div class=\"wp-block-group alignfull has-background has-global-padding is-layout-constrained wp-container-core-group-is-layout-fb8a3fa2 wp-block-group-is-layout-constrained\" style=\"background-color:#f3f3f3;margin-top:var(--wp--preset--spacing--40);margin-bottom:var(--wp--preset--spacing--40);padding-top:var(--wp--preset--spacing--40);padding-right:var(--wp--preset--spacing--50);padding-bottom:var(--wp--preset--spacing--40);padding-left:var(--wp--preset--spacing--50)\">\n<div class=\"wp-block-group is-vertical is-content-justification-center is-layout-flex wp-container-core-group-is-layout-ce155fab wp-block-group-is-layout-flex\">\n<p class=\"has-text-align-center has-x-large-font-size\"><strong>Nuestros servicios<\/strong><\/p>\n<\/div>\n\n\n\n<div class=\"wp-block-columns alignwide is-layout-flex wp-container-core-columns-is-layout-4935966c wp-block-columns-is-layout-flex\" style=\"padding-right:0;padding-left:0\">\n<div class=\"wp-block-column is-layout-flow wp-block-column-is-layout-flow\">\n<div class=\"wp-block-group is-vertical is-content-justification-center is-nowrap is-layout-flex wp-container-core-group-is-layout-21d4e958 wp-block-group-is-layout-flex\">\n<p class=\"has-text-align-center has-small-font-size\"><strong>Alquiler de propiedades<\/strong><\/p>\n\n\n\n<p class=\"has-text-align-center\">Encuentra la vivienda perfecta o el espacio ideal para tu negocio con nuestra selecci\u00f3n de propiedades exclusivas.<\/p>\n<\/div>\n<\/div>\n\n\n\n<div class=\"wp-block-column is-layout-flow wp-block-column-is-layout-flow\">\n<div class=\"wp-block-group is-vertical is-content-justification-center is-nowrap is-layout-flex wp-container-core-group-is-layout-63bfd6c1 wp-block-group-is-layout-flex\">\n<p class=\"has-text-align-center has-small-font-size\"><strong>Compra de propiedades<\/strong><\/p>\n\n\n\n<p class=\"has-text-align-center\">Ya sea tu primera vivienda o una inversi\u00f3n estrat\u00e9gica, te ayudamos a encontrar la propiedad que mejor se adapte a tus objetivos.<\/p>\n<\/div>\n<\/div>\n\n\n\n<div class=\"wp-block-column is-layout-flow wp-block-column-is-layout-flow\">\n<div class=\"wp-block-group is-vertical is-content-justification-center is-nowrap is-layout-flex wp-container-core-group-is-layout-63bfd6c1 wp-block-group-is-layout-flex\">\n<p class=\"has-text-align-center has-small-font-size\"><strong>Venta de propiedades<\/strong><\/p>\n\n\n\n<p class=\"has-text-align-center\">Ofrecemos estrategias de marketing efectivas para asegurar que tu propiedad se venda r\u00e1pidamente y al mejor precio.<\/p>\n<\/div>\n<\/div>\n<\/div>\n<\/div>\n","protected":false},"excerpt":{"rendered":"<p>Bienvenidos a Marbella Unique Somos una Agencia Inmobiliaria boutique ubicada en Puerto Ban\u00fas, Marbella. Desde nuestra fundaci\u00f3n en 2013, hemos conformado un equipo de expertos en el sector inmobiliario con un profundo conocimiento de la industria. Nos enorgullece ofrecer un servicio personalizado, yendo m\u00e1s all\u00e1 de una simple transacci\u00f3n. Estamos aqu\u00ed para guiarte en cada [&hellip;]<\/p>\n","protected":false},"author":1,"featured_media":0,"parent":0,"menu_order":0,"comment_status":"closed","ping_status":"closed","template":"fixed-header","meta":{"footnotes":""},"class_list":["post-9273","page","type-page","status-publish","hentry"],"_links":{"self":[{"href":"https:\/\/www.marbellaunique.com\/es\/wp-json\/wp\/v2\/pages\/9273","targetHints":{"allow":["GET"]}}],"collection":[{"href":"https:\/\/www.marbellaunique.com\/es\/wp-json\/wp\/v2\/pages"}],"about":[{"href":"https:\/\/www.marbellaunique.com\/es\/wp-json\/wp\/v2\/types\/page"}],"author":[{"embeddable":true,"href":"https:\/\/www.marbellaunique.com\/es\/wp-json\/wp\/v2\/users\/1"}],"replies":[{"embeddable":true,"href":"https:\/\/www.marbellaunique.com\/es\/wp-json\/wp\/v2\/comments?post=9273"}],"version-history":[{"count":1,"href":"https:\/\/www.marbellaunique.com\/es\/wp-json\/wp\/v2\/pages\/9273\/revisions"}],"predecessor-version":[{"id":10509,"href":"https:\/\/www.marbellaunique.com\/es\/wp-json\/wp\/v2\/pages\/9273\/revisions\/10509"}],"wp:attachment":[{"href":"https:\/\/www.marbellaunique.com\/es\/wp-json\/wp\/v2\/media?parent=9273"}],"curies":[{"name":"wp","href":"https:\/\/api.w.org\/{rel}","templated":true}]}}