{"id":9296,"date":"2024-05-31T12:43:23","date_gmt":"2024-05-31T10:43:23","guid":{"rendered":"https:\/\/www.marbellaunique.com\/events"},"modified":"2025-10-16T11:49:59","modified_gmt":"2025-10-16T09:49:59","slug":"eventos","status":"publish","type":"page","link":"https:\/\/www.marbellaunique.com\/es\/eventos","title":{"rendered":"Eventos"},"content":{"rendered":"\n<div class=\"wp-block-cover banner_height\"><img loading=\"lazy\" decoding=\"async\" width=\"1980\" height=\"900\" class=\"wp-block-cover__image-background wp-image-9243\" alt=\"\" src=\"https:\/\/www.marbellaunique.com\/wp-content\/uploads\/2024\/05\/Diseno-sin-titulo-2.png\" style=\"object-position:49% 10%\" data-object-fit=\"cover\" data-object-position=\"49% 10%\" srcset=\"https:\/\/www.marbellaunique.com\/wp-content\/uploads\/2024\/05\/Diseno-sin-titulo-2.png 1980w, https:\/\/www.marbellaunique.com\/wp-content\/uploads\/2024\/05\/Diseno-sin-titulo-2-1024x465.png 1024w, https:\/\/www.marbellaunique.com\/wp-content\/uploads\/2024\/05\/Diseno-sin-titulo-2-1920x873.png 1920w, https:\/\/www.marbellaunique.com\/wp-content\/uploads\/2024\/05\/Diseno-sin-titulo-2-768x349.png 768w, https:\/\/www.marbellaunique.com\/wp-content\/uploads\/2024\/05\/Diseno-sin-titulo-2-50x23.png 50w, https:\/\/www.marbellaunique.com\/wp-content\/uploads\/2024\/05\/Diseno-sin-titulo-2-1600x727.png 1600w, https:\/\/www.marbellaunique.com\/wp-content\/uploads\/2024\/05\/Diseno-sin-titulo-2-1536x698.png 1536w\" sizes=\"auto, (max-width: 1980px) 100vw, 1980px\" \/><span aria-hidden=\"true\" class=\"wp-block-cover__background has-background-dim-60 has-background-dim wp-block-cover__gradient-background has-background-gradient\" style=\"background:linear-gradient(180deg,rgb(255,255,255) 8%,rgba(155,81,224,0) 29%)\"><\/span><div class=\"wp-block-cover__inner-container has-global-padding is-layout-constrained wp-block-cover-is-layout-constrained\">\n<p class=\"has-text-align-center has-xx-large-font-size\" style=\"font-style:normal;font-weight:400\">Eventos<\/p>\n<\/div><\/div>\n\n\n\n<p class=\"has-text-align-center\"><\/p>\n\n\n\n<h2 class=\"wp-block-heading has-text-align-center\">Organiza tu pr\u00f3ximo evento en los mejores lugares de Marbella<\/h2>\n\n\n\n<div class=\"wp-block-group has-global-padding is-layout-constrained wp-block-group-is-layout-constrained\" style=\"margin-bottom:var(--wp--preset--spacing--50)\">\n<p class=\"has-text-align-center\">El lugar adecuado es crucial para el \u00e9xito de su evento. Con Marbella Unique, tiene acceso a propiedades hermosas y completamente equipadas para todo tipo de eventos. Cada listado ofrece descripciones detalladas y fotograf\u00edas para ayudarte a visualizar el espacio y su potencial.<\/p>\n\n\n\n<p class=\"has-text-align-center\">En Marbella Unique, nos especializamos en ofrecer propiedades perfectas para cualquier tipo de evento. Ya sea que est\u00e9s organizando una boda en una villa lujosa con amplios jardines, un retiro corporativo, o una reuni\u00f3n \u00edntima en una finca exclusiva, nuestra selecci\u00f3n cuidadosamente elegida satisface las necesidades de los anfitriones m\u00e1s exigentes. Explora nuestro listado para encontrar propiedades impresionantes en Marbella, equipadas con todas las comodidades para que su evento sea inolvidable.<\/p>\n\n\n\n<p class=\"has-text-align-center\">Cont\u00e1ctanos hoy para reservar una propiedad que convertir\u00e1 tu visi\u00f3n en un evento espectacular.<\/p>\n\n\n\n<div class=\"wp-block-group has-global-padding is-layout-constrained wp-block-group-is-layout-constrained\" style=\"margin-top:var(--wp--preset--spacing--30)\"><\/div>\n\n\n\t<div id=\"wpb__style_container\" class=\"wpb--container\">\r\n\t\t<div class=\"wpb--card-container\">\r\n\t\t\t<div class=\"wpb--card\">\n\t<div class=\"wpb--aspect-box wpb--panoramic\">\n\t\t<a class=\"wpb--stretched-link\" href=\"\/es\/propiedad\/alquiler-los-flamingos-golf-villa-624840\">\n\t\t\t\t\t\t\t<img decoding=\"async\" loading=\"lazy\" class=\"wpb--image-fit\" src=\"https:\/\/www.marbellaunique.com\/wp-content\/uploads\/inmoba\/thumb-all-624840.jpg\" alt=\"Una villa de lujo de cinco estrellas con 14 dormitorios en Los Flamingos Golf Resort\" \/>\n\t\t\t\n\t\t\t\t\t<\/a>\n\t<\/div>\n\t<div class=\"wpb--card-body\">\n\t\t<h4 class=\"wpb--card-title\">\n\t\t\t<a class=\"wpb--stretched-link\" href=\"\/es\/propiedad\/alquiler-los-flamingos-golf-villa-624840\">\n\t\t\t\t<small>Los Flamingos Golf - Benahavis<\/small>\n\t\t\t\tUna villa de lujo de cinco estrellas con 14 dormitorios en Los Flamingos Golf Resort<\/a>\n\t\t<\/h4>\n\t\t\t\t\t\t<ul class=\"wpb--card-features\">\n\t\t\t\t\t\t\t\t<li>14  Dormitorios<\/li>\n\t\t\t\t\t\t\t\t<li>16  Ba\u00f1os<\/li>\n\t\t\t\t\t\t\t\t<li>4.120 m&sup2; Plano<\/li>\n\t\t\t\t\t\t\t\t<li>1.117 m&sup2; Const.<\/li>\n\t\t\t\t\t<\/ul>\n\t\t<span class=\"wpb--card-reference\">239-02365P<\/span>\n\t<\/div>\n<\/div>\n<div class=\"wpb--card\">\n\t<div class=\"wpb--aspect-box wpb--panoramic\">\n\t\t<a class=\"wpb--stretched-link\" href=\"\/es\/propiedad\/alquiler-rocio-de-nagueles-villa-607845\">\n\t\t\t\t\t\t\t<img decoding=\"async\" loading=\"lazy\" class=\"wpb--image-fit\" src=\"https:\/\/www.marbellaunique.com\/wp-content\/uploads\/inmoba\/thumb-all-607845.jpg\" alt=\"Exquisita villa andaluza-estilo en Rocio de Nag\u00fceles, Marbella Milla de Oro\" \/>\n\t\t\t\n\t\t\t\t\t<\/a>\n\t<\/div>\n\t<div class=\"wpb--card-body\">\n\t\t<h4 class=\"wpb--card-title\">\n\t\t\t<a class=\"wpb--stretched-link\" href=\"\/es\/propiedad\/alquiler-rocio-de-nagueles-villa-607845\">\n\t\t\t\t<small>Rocio de Nag\u00fceles - Marbella Golden Mile<\/small>\n\t\t\t\tExquisita villa andaluza-estilo en Rocio de Nag\u00fceles, Marbella Milla de Oro<\/a>\n\t\t<\/h4>\n\t\t\t\t\t\t<ul class=\"wpb--card-features\">\n\t\t\t\t\t\t\t\t<li>6  Dormitorios<\/li>\n\t\t\t\t\t\t\t\t<li>6  Ba\u00f1os<\/li>\n\t\t\t\t\t\t\t\t<li>34.547 m&sup2; Plano<\/li>\n\t\t\t\t\t\t\t\t<li>2.545 m&sup2; Const.<\/li>\n\t\t\t\t\t<\/ul>\n\t\t<span class=\"wpb--card-reference\">239-02320P<\/span>\n\t<\/div>\n<\/div>\n<div class=\"wpb--card\">\n\t<div class=\"wpb--aspect-box wpb--panoramic\">\n\t\t<a class=\"wpb--stretched-link\" href=\"\/es\/propiedad\/alquiler-las-torres-villa-605048\">\n\t\t\t\t\t\t\t<img decoding=\"async\" loading=\"lazy\" class=\"wpb--image-fit\" src=\"https:\/\/www.marbellaunique.com\/wp-content\/uploads\/inmoba\/thumb-all-605048.jpg\" alt=\"Magn\u00edfica villa de lujo en primera l\u00ednea de playa en Marbella Club\" \/>\n\t\t\t\n\t\t\t\t\t<\/a>\n\t<\/div>\n\t<div class=\"wpb--card-body\">\n\t\t<h4 class=\"wpb--card-title\">\n\t\t\t<a class=\"wpb--stretched-link\" href=\"\/es\/propiedad\/alquiler-las-torres-villa-605048\">\n\t\t\t\t<small>Las Torres - Marbella Golden Mile<\/small>\n\t\t\t\tMagn\u00edfica villa de lujo en primera l\u00ednea de playa en Marbella Club<\/a>\n\t\t<\/h4>\n\t\t\t\t\t\t<ul class=\"wpb--card-features\">\n\t\t\t\t\t\t\t\t<li>10  Dormitorios<\/li>\n\t\t\t\t\t\t\t\t<li>11  Ba\u00f1os<\/li>\n\t\t\t\t\t\t\t\t<li>10.000 m&sup2; Plano<\/li>\n\t\t\t\t\t\t\t\t<li>2.400 m&sup2; Const.<\/li>\n\t\t\t\t\t<\/ul>\n\t\t<span class=\"wpb--card-reference\">239-02317P<\/span>\n\t<\/div>\n<\/div>\n<div class=\"wpb--card\">\n\t<div class=\"wpb--aspect-box wpb--panoramic\">\n\t\t<a class=\"wpb--stretched-link\" href=\"\/es\/propiedad\/alquiler-rocio-de-nagueles-villa-600943\">\n\t\t\t\t\t\t\t<img decoding=\"async\" loading=\"lazy\" class=\"wpb--image-fit\" src=\"https:\/\/www.marbellaunique.com\/wp-content\/uploads\/inmoba\/thumb-all-600943.jpg\" alt=\"Oppulento villa de 8 dormitorios en Rocio de Nag\u00fceles, Marbella Milla de Oro\" \/>\n\t\t\t\n\t\t\t\t\t<\/a>\n\t<\/div>\n\t<div class=\"wpb--card-body\">\n\t\t<h4 class=\"wpb--card-title\">\n\t\t\t<a class=\"wpb--stretched-link\" href=\"\/es\/propiedad\/alquiler-rocio-de-nagueles-villa-600943\">\n\t\t\t\t<small>Rocio de Nag\u00fceles - Marbella Golden Mile<\/small>\n\t\t\t\tOppulento villa de 8 dormitorios en Rocio de Nag\u00fceles, Marbella Milla de Oro<\/a>\n\t\t<\/h4>\n\t\t\t\t\t\t<ul class=\"wpb--card-features\">\n\t\t\t\t\t\t\t\t<li>8  Dormitorios<\/li>\n\t\t\t\t\t\t\t\t<li>9  Ba\u00f1os<\/li>\n\t\t\t\t\t\t\t\t<li>12.871 m&sup2; Plano<\/li>\n\t\t\t\t\t\t\t\t<li>4.686 m&sup2; Const.<\/li>\n\t\t\t\t\t<\/ul>\n\t\t<span class=\"wpb--card-reference\">239-02306P<\/span>\n\t<\/div>\n<\/div>\n<div class=\"wpb--card\">\n\t<div class=\"wpb--aspect-box wpb--panoramic\">\n\t\t<a class=\"wpb--stretched-link\" href=\"\/es\/propiedad\/alquiler-marbella-club-villa-559902\">\n\t\t\t\t\t\t\t<img decoding=\"async\" loading=\"lazy\" class=\"wpb--image-fit\" src=\"https:\/\/www.marbellaunique.com\/wp-content\/uploads\/inmoba\/thumb-all-559902.jpg\" alt=\"Una espectacular villa en primera l\u00ednea de playa situada en Marbella Milla de Oro\" \/>\n\t\t\t\n\t\t\t\t\t<\/a>\n\t<\/div>\n\t<div class=\"wpb--card-body\">\n\t\t<h4 class=\"wpb--card-title\">\n\t\t\t<a class=\"wpb--stretched-link\" href=\"\/es\/propiedad\/alquiler-marbella-club-villa-559902\">\n\t\t\t\t<small>Marbella Club - Marbella Golden Mile<\/small>\n\t\t\t\tUna espectacular villa en primera l\u00ednea de playa situada en Marbella Milla de Oro<\/a>\n\t\t<\/h4>\n\t\t\t\t\t\t<ul class=\"wpb--card-features\">\n\t\t\t\t\t\t\t\t<li>10  Dormitorios<\/li>\n\t\t\t\t\t\t\t\t<li>11  Ba\u00f1os<\/li>\n\t\t\t\t\t\t\t\t<li>8.300 m&sup2; Plano<\/li>\n\t\t\t\t\t\t\t\t<li>1.500 m&sup2; Const.<\/li>\n\t\t\t\t\t<\/ul>\n\t\t<span class=\"wpb--card-reference\">239-02215P<\/span>\n\t<\/div>\n<\/div>\n<div class=\"wpb--card\">\n\t<div class=\"wpb--aspect-box wpb--panoramic\">\n\t\t<a class=\"wpb--stretched-link\" href=\"\/es\/propiedad\/alquiler-marbella-club-villa-492265\">\n\t\t\t\t\t\t\t<img decoding=\"async\" loading=\"lazy\" class=\"wpb--image-fit\" src=\"https:\/\/www.marbellaunique.com\/wp-content\/uploads\/inmoba\/thumb-all-492265.jpg\" alt=\"Inmaculada villa familiar de 9 dormitorios junto a la playa en el Marbella Club, Milla de Oro de Marbella\" \/>\n\t\t\t\n\t\t\t\t\t<\/a>\n\t<\/div>\n\t<div class=\"wpb--card-body\">\n\t\t<h4 class=\"wpb--card-title\">\n\t\t\t<a class=\"wpb--stretched-link\" href=\"\/es\/propiedad\/alquiler-marbella-club-villa-492265\">\n\t\t\t\t<small>Marbella Club - Marbella Golden Mile<\/small>\n\t\t\t\tInmaculada villa familiar de 9 dormitorios junto a la playa en el Marbella Club, Milla de Oro de Marbella<\/a>\n\t\t<\/h4>\n\t\t\t\t\t\t<ul class=\"wpb--card-features\">\n\t\t\t\t\t\t\t\t<li>9  Dormitorios<\/li>\n\t\t\t\t\t\t\t\t<li>9  Ba\u00f1os<\/li>\n\t\t\t\t\t\t\t\t<li>7.300 m&sup2; Plano<\/li>\n\t\t\t\t\t\t\t\t<li>1.200 m&sup2; Const.<\/li>\n\t\t\t\t\t<\/ul>\n\t\t<span class=\"wpb--card-reference\">239-02099P<\/span>\n\t<\/div>\n<\/div>\n<div class=\"wpb--card\">\n\t<div class=\"wpb--aspect-box wpb--panoramic\">\n\t\t<a class=\"wpb--stretched-link\" href=\"\/es\/propiedad\/alquiler-rio-real-golf-villa-232992\">\n\t\t\t\t\t\t\t<img decoding=\"async\" loading=\"lazy\" class=\"wpb--image-fit\" src=\"https:\/\/www.marbellaunique.com\/wp-content\/uploads\/inmoba\/thumb-all-232992.jpg\" alt=\"Una residencia de vacaciones extraordinaria con 3 villas de lujo en Golf Rio Real, Marbella Este\" \/>\n\t\t\t\n\t\t\t\t\t<\/a>\n\t<\/div>\n\t<div class=\"wpb--card-body\">\n\t\t<h4 class=\"wpb--card-title\">\n\t\t\t<a class=\"wpb--stretched-link\" href=\"\/es\/propiedad\/alquiler-rio-real-golf-villa-232992\">\n\t\t\t\t<small>Rio Real Golf - Marbella Este<\/small>\n\t\t\t\tUna residencia de vacaciones extraordinaria con 3 villas de lujo en Golf Rio Real, Marbella Este<\/a>\n\t\t<\/h4>\n\t\t\t\t\t\t<ul class=\"wpb--card-features\">\n\t\t\t\t\t\t\t\t<li>27  Dormitorios<\/li>\n\t\t\t\t\t\t\t\t<li>10.000 m&sup2; Plano<\/li>\n\t\t\t\t\t<\/ul>\n\t\t<span class=\"wpb--card-reference\">239-01405P<\/span>\n\t<\/div>\n<\/div>\n<div class=\"wpb--card\">\n\t<div class=\"wpb--aspect-box wpb--panoramic\">\n\t\t<a class=\"wpb--stretched-link\" href=\"\/es\/propiedad\/alquiler-marbella-hill-club-villa-230220\">\n\t\t\t\t\t\t\t<img decoding=\"async\" loading=\"lazy\" class=\"wpb--image-fit\" src=\"https:\/\/www.marbellaunique.com\/wp-content\/uploads\/inmoba\/thumb-all-230220.jpg\" alt=\"Exclusiva villa de dise\u00f1o de 7 dormitorios en Marbella Hill Club, Golden Mile\" \/>\n\t\t\t\n\t\t\t\t\t\t\t<span class=\"wpb--card-label\">Alquilado<\/span>\n\t\t\t\t\t<\/a>\n\t<\/div>\n\t<div class=\"wpb--card-body\">\n\t\t<h4 class=\"wpb--card-title\">\n\t\t\t<a class=\"wpb--stretched-link\" href=\"\/es\/propiedad\/alquiler-marbella-hill-club-villa-230220\">\n\t\t\t\t<small>Marbella Hill Club - Marbella Golden Mile<\/small>\n\t\t\t\tExclusiva villa de dise\u00f1o de 7 dormitorios en Marbella Hill Club, Golden Mile<\/a>\n\t\t<\/h4>\n\t\t\t\t\t\t<ul class=\"wpb--card-features\">\n\t\t\t\t\t\t\t\t<li>7  Dormitorios<\/li>\n\t\t\t\t\t\t\t\t<li>7  Ba\u00f1os<\/li>\n\t\t\t\t\t\t\t\t<li>2.785 m&sup2; Plano<\/li>\n\t\t\t\t\t\t\t\t<li>1.000 m&sup2; Const.<\/li>\n\t\t\t\t\t<\/ul>\n\t\t<span class=\"wpb--card-reference\">239-01393P<\/span>\n\t<\/div>\n<\/div>\n<div class=\"wpb--card\">\n\t<div class=\"wpb--aspect-box wpb--panoramic\">\n\t\t<a class=\"wpb--stretched-link\" href=\"\/es\/propiedad\/alquiler-costabella-villa-202641\">\n\t\t\t\t\t\t\t<img decoding=\"async\" loading=\"lazy\" class=\"wpb--image-fit\" src=\"https:\/\/www.marbellaunique.com\/wp-content\/uploads\/inmoba\/thumb-all-202641.jpg\" alt=\"Espectacular propiedad en primera l\u00ednea situada en la playa de Costa Bella\" \/>\n\t\t\t\n\t\t\t\t\t<\/a>\n\t<\/div>\n\t<div class=\"wpb--card-body\">\n\t\t<h4 class=\"wpb--card-title\">\n\t\t\t<a class=\"wpb--stretched-link\" href=\"\/es\/propiedad\/alquiler-costabella-villa-202641\">\n\t\t\t\t<small>Costabella - Marbella Este<\/small>\n\t\t\t\tEspectacular propiedad en primera l\u00ednea situada en la playa de Costa Bella<\/a>\n\t\t<\/h4>\n\t\t\t\t\t\t<ul class=\"wpb--card-features\">\n\t\t\t\t\t\t\t\t<li>6  Dormitorios<\/li>\n\t\t\t\t\t\t\t\t<li>4  Ba\u00f1os<\/li>\n\t\t\t\t\t\t\t\t<li>820 m&sup2; Plano<\/li>\n\t\t\t\t\t\t\t\t<li>382 m&sup2; Const.<\/li>\n\t\t\t\t\t<\/ul>\n\t\t<span class=\"wpb--card-reference\">239-01279P<\/span>\n\t<\/div>\n<\/div>\n<div class=\"wpb--card\">\n\t<div class=\"wpb--aspect-box wpb--panoramic\">\n\t\t<a class=\"wpb--stretched-link\" href=\"\/es\/propiedad\/alquiler-los-monteros-playa-villa-90645\">\n\t\t\t\t\t\t\t<img decoding=\"async\" loading=\"lazy\" class=\"wpb--image-fit\" src=\"https:\/\/www.marbellaunique.com\/wp-content\/uploads\/inmoba\/thumb-all-90645.jpg\" alt=\"Espectacular villa en primera l\u00ednea de mar en Los Monteros Playa\" \/>\n\t\t\t\n\t\t\t\t\t<\/a>\n\t<\/div>\n\t<div class=\"wpb--card-body\">\n\t\t<h4 class=\"wpb--card-title\">\n\t\t\t<a class=\"wpb--stretched-link\" href=\"\/es\/propiedad\/alquiler-los-monteros-playa-villa-90645\">\n\t\t\t\t<small>Los Monteros Playa - Marbella Este<\/small>\n\t\t\t\tEspectacular villa en primera l\u00ednea de mar en Los Monteros Playa<\/a>\n\t\t<\/h4>\n\t\t\t\t\t\t<ul class=\"wpb--card-features\">\n\t\t\t\t\t\t\t\t<li>7  Dormitorios<\/li>\n\t\t\t\t\t\t\t\t<li>7  Ba\u00f1os<\/li>\n\t\t\t\t\t\t\t\t<li>2.530 m&sup2; Plano<\/li>\n\t\t\t\t\t\t\t\t<li>1.138 m&sup2; Const.<\/li>\n\t\t\t\t\t<\/ul>\n\t\t<span class=\"wpb--card-reference\">239-00605P<\/span>\n\t<\/div>\n<\/div>\n<div class=\"wpb--card\">\n\t<div class=\"wpb--aspect-box wpb--panoramic\">\n\t\t<a class=\"wpb--stretched-link\" href=\"\/es\/propiedad\/alquiler-cascada-de-camojan-villa-90262\">\n\t\t\t\t\t\t\t<img decoding=\"async\" loading=\"lazy\" class=\"wpb--image-fit\" src=\"https:\/\/www.marbellaunique.com\/wp-content\/uploads\/inmoba\/thumb-all-90262.jpg\" alt=\"Impresionante villa minimalista con vistas \u00fanicas al mar en Cascada de Camojan\" \/>\n\t\t\t\n\t\t\t\t\t<\/a>\n\t<\/div>\n\t<div class=\"wpb--card-body\">\n\t\t<h4 class=\"wpb--card-title\">\n\t\t\t<a class=\"wpb--stretched-link\" href=\"\/es\/propiedad\/alquiler-cascada-de-camojan-villa-90262\">\n\t\t\t\t<small>Cascada de Camojan - Marbella Golden Mile<\/small>\n\t\t\t\tImpresionante villa minimalista con vistas \u00fanicas al mar en Cascada de Camojan<\/a>\n\t\t<\/h4>\n\t\t\t\t\t\t<ul class=\"wpb--card-features\">\n\t\t\t\t\t\t\t\t<li>9  Dormitorios<\/li>\n\t\t\t\t\t\t\t\t<li>6  Ba\u00f1os<\/li>\n\t\t\t\t\t\t\t\t<li>4.193 m&sup2; Plano<\/li>\n\t\t\t\t\t\t\t\t<li>1.875 m&sup2; Const.<\/li>\n\t\t\t\t\t<\/ul>\n\t\t<span class=\"wpb--card-reference\">239-00417P<\/span>\n\t<\/div>\n<\/div>\n<div class=\"wpb--card\">\n\t<div class=\"wpb--aspect-box wpb--panoramic\">\n\t\t<a class=\"wpb--stretched-link\" href=\"\/es\/propiedad\/alquiler-artola-villa-89868\">\n\t\t\t\t\t\t\t<img decoding=\"async\" loading=\"lazy\" class=\"wpb--image-fit\" src=\"https:\/\/www.marbellaunique.com\/wp-content\/uploads\/inmoba\/thumb-all-89868.jpg\" alt=\"Moderna villa a pie de playa situada en Marbella Este\" \/>\n\t\t\t\n\t\t\t\t\t<\/a>\n\t<\/div>\n\t<div class=\"wpb--card-body\">\n\t\t<h4 class=\"wpb--card-title\">\n\t\t\t<a class=\"wpb--stretched-link\" href=\"\/es\/propiedad\/alquiler-artola-villa-89868\">\n\t\t\t\t<small>Artola - Marbella Este<\/small>\n\t\t\t\tModerna villa a pie de playa situada en Marbella Este<\/a>\n\t\t<\/h4>\n\t\t\t\t\t\t<ul class=\"wpb--card-features\">\n\t\t\t\t\t\t\t\t<li>8  Dormitorios<\/li>\n\t\t\t\t\t\t\t\t<li>9  Ba\u00f1os<\/li>\n\t\t\t\t\t\t\t\t<li>2.100 m&sup2; Plano<\/li>\n\t\t\t\t\t\t\t\t<li>1.180 m&sup2; Const.<\/li>\n\t\t\t\t\t<\/ul>\n\t\t<span class=\"wpb--card-reference\">239-00269P<\/span>\n\t<\/div>\n<\/div>\n\t\t<\/div>\r\n\t\t<!-- Go to the full list -->\r\n\t\t\t\t<div class=\"wpb--center\">\r\n\t\t\t<a class=\"wpb--btn-outline\" href=\"\/es\/propiedades?l=es&f=rent&tn=eventos\">Ver m\u00e1s<\/a>\r\n\t\t<\/div>\r\n\t\t\t<\/div>\r\n\n<\/div>\n","protected":false},"excerpt":{"rendered":"<p>Organiza tu pr\u00f3ximo evento en los mejores lugares de Marbella El lugar adecuado es crucial para el \u00e9xito de su evento. Con Marbella Unique, tiene acceso a propiedades hermosas y completamente equipadas para todo tipo de eventos. Cada listado ofrece descripciones detalladas y fotograf\u00edas para ayudarte a visualizar el espacio y su potencial. En Marbella [&hellip;]<\/p>\n","protected":false},"author":9,"featured_media":0,"parent":0,"menu_order":0,"comment_status":"closed","ping_status":"closed","template":"fixed-header","meta":{"footnotes":""},"class_list":["post-9296","page","type-page","status-publish","hentry"],"_links":{"self":[{"href":"https:\/\/www.marbellaunique.com\/es\/wp-json\/wp\/v2\/pages\/9296","targetHints":{"allow":["GET"]}}],"collection":[{"href":"https:\/\/www.marbellaunique.com\/es\/wp-json\/wp\/v2\/pages"}],"about":[{"href":"https:\/\/www.marbellaunique.com\/es\/wp-json\/wp\/v2\/types\/page"}],"author":[{"embeddable":true,"href":"https:\/\/www.marbellaunique.com\/es\/wp-json\/wp\/v2\/users\/9"}],"replies":[{"embeddable":true,"href":"https:\/\/www.marbellaunique.com\/es\/wp-json\/wp\/v2\/comments?post=9296"}],"version-history":[{"count":1,"href":"https:\/\/www.marbellaunique.com\/es\/wp-json\/wp\/v2\/pages\/9296\/revisions"}],"predecessor-version":[{"id":10519,"href":"https:\/\/www.marbellaunique.com\/es\/wp-json\/wp\/v2\/pages\/9296\/revisions\/10519"}],"wp:attachment":[{"href":"https:\/\/www.marbellaunique.com\/es\/wp-json\/wp\/v2\/media?parent=9296"}],"curies":[{"name":"wp","href":"https:\/\/api.w.org\/{rel}","templated":true}]}}