{"id":9415,"date":"2023-12-17T11:46:25","date_gmt":"2023-12-17T10:46:25","guid":{"rendered":"https:\/\/www.marbellaunique.com\/sell-with-us"},"modified":"2024-06-07T12:16:32","modified_gmt":"2024-06-07T10:16:32","slug":"venda-con-nosotros","status":"publish","type":"page","link":"https:\/\/www.marbellaunique.com\/es\/venda-con-nosotros","title":{"rendered":"Venda con nosotros"},"content":{"rendered":"\n<div class=\"wp-block-cover jaleo-page-cover\" style=\"min-height:598px;aspect-ratio:unset;\"><span aria-hidden=\"true\" class=\"wp-block-cover__background has-base-dark-background-color has-background-dim-100 has-background-dim\"><\/span><img decoding=\"async\" class=\"wp-block-cover__image-background wp-image-2927\" alt=\"\" src=\"https:\/\/www.marbellaunique.com\/wp-content\/uploads\/2024\/02\/La-Zagaleta-Marbella-Unique-Properties-Real-Estate-in-Marbella-2.jpg\" style=\"object-position:44% 54%\" data-object-fit=\"cover\" data-object-position=\"44% 54%\"\/><div class=\"wp-block-cover__inner-container has-global-padding is-layout-constrained wp-block-cover-is-layout-constrained\">\n<h2 class=\"wp-block-heading has-text-align-center has-base-color has-text-color has-link-color has-xx-large-font-size wp-elements-e54d3da475724d76b30058f9474e0f10\">Cuente con Marbella Unique<\/h2>\n<\/div><\/div>\n\n\n\n<div class=\"wp-block-group has-global-padding is-layout-constrained wp-block-group-is-layout-constrained\">\n<p class=\"has-text-align-center\">Le invitamos a confiarnos la venta y\/o alquiler de su propiedad. Somos profesionales con trayectoria comprobada de transacciones inmobiliarias exitosas. Nos comprometemos a ofrecerte un servicio personalizado, transparente y profesional, poniendo toda nuestra experiencia a tu disposici\u00f3n.<\/p>\n\n\n\n<p class=\"has-text-align-center\">Cont\u00e1ctanos para resolver cualquier duda que puedas tener, y estaremos encantados de concertar una reuni\u00f3n para resolver cualquier duda. Su propiedad es \u00fanica y muy importante para nosotros.<\/p>\n<\/div>\n\n\n\n<div class=\"wp-block-group jaleo--container-50-center has-global-padding is-layout-constrained wp-block-group-is-layout-constrained\">\n<p><\/p>\n\n\n\n<h2 class=\"wp-block-heading has-text-align-center\">Venda con nosotros<\/h2>\n\n\n\n<p class=\"has-text-align-center\">Rellene el formulario de contacto y le contactaremos lo antes posible.<\/p>\n\n\n\n<div id=\"wpb__style_container\" class=\"wpb__style_container wpb--container\"><form id=\"property_form\" class=\"wpb--property-form\" action=\"localhost\" method=\"POST\" data-contact=\"property_form\" data-lead-sent-ok=\"Su mensaje ha sido enviado.\" data-sitekey=\"6LfOybgpAAAAAE5lv4p7UsocDH__D0VcNTuqorbc\">\n\t<input type=\"hidden\" name=\"subject\" value=\"Contacto desde Propiedad \/es\/wp-json\/wp\/v2\/pages\/9415\" \/>\n\t<input type=\"hidden\" name=\"g-recaptcha-response\" value=\"\" \/>\n\t<input type=\"hidden\" name=\"source\" value=\"https:\/\/www.marbellaunique.com\/es\/wp-json\/wp\/v2\/pages\/9415\"\/>\n\t\t\n\t<input name=\"name\" type=\"text\" autocomplete=\"off\" placeholder=\"Nombre completo\" required data-error=\"Nombre obligatorio\" \/>\n\t<input name=\"email\" type=\"email\" autocomplete=\"off\" placeholder=\"Email\" required data-error=\"Email obligatorio\" \/>\n\t<input name=\"phone\" type=\"tel\" autocomplete=\"off\" placeholder=\"Tel\u00e9fono\" data-error=\"Los n\u00fameros de tel\u00e9fono deben tener entre 8 y 20 d\u00edgitos\" \/>\n\t<textarea name=\"comment\" rows=\"6\">Get in touch<\/textarea>\n\t\n\t<div class=\"wpb--custom-checkbox\">\n\t\t<input type=\"checkbox\" id=\"property_form-property_form-customCheck1\" name=\"privacy_policy\" required data-error=\"Campo Obligatorio\" \/>\n\t\t<label for=\"property_form-property_form-customCheck1\">Acepto la  <a href=\"https:\/\/www.marbellaunique.com\/es\/privacy\" target=\"_blank\">Pol\u00edtica de privacidad<\/a><\/label>\n\t<\/div>\n\t<div class=\"wpb--custom-checkbox\">\n\t\t<input type=\"checkbox\" id=\"property_form-property_form-customCheck2\" name=\"commercial_information\" \/>\n\t\t<label for=\"property_form-property_form-customCheck2\">Acepto recibir informaci\u00f3n por email<\/label>\n\t<\/div>\n\t<button data-ids=\"property_form\" data-lang=\"\" class=\"btn wpb--formbutton g-recaptcha\" type=\"submit\"><span id=\"text-send\">Enviar<\/span> <span id=\"spinner-send\"><\/span><\/button>\n\t<p id=\"result\" class=\"wpb--form-msg\"><\/p>\n<\/form>\n\t<script src=\"https:\/\/www.google.com\/recaptcha\/api.js?render=6LfOybgpAAAAAE5lv4p7UsocDH__D0VcNTuqorbc&hl=\"><\/script>\n<\/div>\n<\/div>\n\n\n\n<div class=\"wp-block-group alignfull has-base-color has-text-color has-background has-link-color wp-elements-6197f76bb2c1df8138ce5a9aecf28ce8 has-global-padding is-layout-constrained wp-container-core-group-is-layout-be5d84c1 wp-block-group-is-layout-constrained\" style=\"background-color:#f2f2f2;margin-top:var(--wp--preset--spacing--50);margin-bottom:0;padding-top:var(--wp--preset--spacing--40);padding-right:var(--wp--preset--spacing--50);padding-bottom:var(--wp--preset--spacing--40);padding-left:var(--wp--preset--spacing--50)\">\n<h2 class=\"wp-block-heading alignwide has-contrast-2-color has-text-color has-link-color has-x-large-font-size wp-elements-3c75156a03756398ef855530ed185634\" style=\"letter-spacing:-0.02em\">Preguntas Frecuentes<\/h2>\n\n\n\n<div class=\"wp-block-group alignwide is-layout-flow wp-block-group-is-layout-flow\">\n<details class=\"wp-block-details is-style-arrow-icon-details has-contrast-2-color has-text-color has-link-color has-large-font-size wp-elements-ad3057bfe443ab82a78d22199094f3d1 is-layout-flow wp-block-details-is-layout-flow\" style=\"border-top-style:none;border-top-width:0px;border-right-style:none;border-right-width:0px;border-bottom-color:var(--wp--preset--color--contrast-2);border-bottom-style:solid;border-bottom-width:1px;border-left-style:none;border-left-width:0px;margin-top:0\"><summary>\u00bfQu\u00e9 diferencia a Marbella Unique de otras agencias inmobiliarias?<\/summary>\n<p class=\"has-contrast-2-color has-text-color has-link-color has-medium-font-size wp-elements-580fb1af034f64e5cb62961a983cce06\">Marbella Unique destaca por nuestro inquebrantable compromiso con el servicio personalizado y nuestro profundo conocimiento del mercado inmobiliario de lujo de Marbella. Nuestro equipo de profesionales experimentados est\u00e1 dedicado a comprender sus necesidades y preferencias espec\u00edficas, brind\u00e1ndole una selecci\u00f3n curada de las mejores propiedades que cumplen con los m\u00e1s altos est\u00e1ndares de lujo, comodidad y exclusividad. Ofrecemos soporte integral durante todo el proceso de compra, alquiler o venta, garantizando una experiencia fluida y agradable.<\/p>\n<\/details>\n\n\n\n<details class=\"wp-block-details is-style-arrow-icon-details has-contrast-2-color has-text-color has-link-color has-large-font-size wp-elements-7b6924bdafe278eb8dd702de3b064244 is-layout-flow wp-block-details-is-layout-flow\" style=\"border-top-style:none;border-top-width:0px;border-right-style:none;border-right-width:0px;border-bottom-color:var(--wp--preset--color--contrast-2);border-bottom-style:solid;border-bottom-width:1px;border-left-style:none;border-left-width:0px;margin-top:0\"><summary>\u00bfC\u00f3mo garantiza la privacidad y seguridad de sus clientes?<\/summary>\n<p class=\"has-contrast-2-color has-text-color has-link-color has-medium-font-size wp-elements-0fab0860e15b41d989a6a97ca1d8abe9\">En Marbella Unique priorizamos la privacidad y seguridad de nuestros clientes. Toda la informaci\u00f3n del cliente se maneja con la m\u00e1xima confidencialidad y empleamos estrictas medidas de seguridad para proteger sus datos. Nuestras propiedades est\u00e1n ubicadas en \u00e1reas seguras y exclusivas y est\u00e1n equipadas con sistemas de seguridad de \u00faltima generaci\u00f3n. Adem\u00e1s, brindamos servicios personalizados para garantizar visitas y transacciones discretas, respetando su necesidad de privacidad durante todo el proceso.<\/p>\n<\/details>\n\n\n\n<details class=\"wp-block-details is-style-arrow-icon-details has-contrast-2-color has-text-color has-link-color has-large-font-size wp-elements-8d0e0d37f7953f27393acef06b871008 is-layout-flow wp-block-details-is-layout-flow\" style=\"border-top-style:none;border-top-width:0px;border-right-style:none;border-right-width:0px;border-bottom-color:var(--wp--preset--color--contrast-2);border-bottom-style:solid;border-bottom-width:1px;border-left-style:none;border-left-width:0px;margin-top:0\"><summary>\u00bfQu\u00e9 tipo de servicios postventa ofrec\u00e9is?<\/summary>\n<p class=\"has-contrast-2-color has-text-color has-link-color has-medium-font-size wp-elements-b3defe978414971475dd57cfcedf5620\">Nuestro compromiso con su satisfacci\u00f3n se extiende m\u00e1s all\u00e1 de la finalizaci\u00f3n de la venta. Marbella Unique ofrece una gama de servicios postventa para garantizar una transici\u00f3n sin problemas a su nueva propiedad. Estos servicios incluyen asistencia para mudarse, configurar servicios p\u00fablicos, administraci\u00f3n de propiedades y recomendaciones para servicios locales como dise\u00f1o de interiores, paisajismo y m\u00e1s. Nuestro objetivo es brindarle apoyo continuo, asegur\u00e1ndonos de que est\u00e9 completamente instalado y c\u00f3modo en su nuevo hogar.<\/p>\n<\/details>\n\n\n\n<details class=\"wp-block-details is-style-arrow-icon-details has-contrast-2-color has-text-color has-link-color has-large-font-size wp-elements-632859c6a5c1b28c99469c94df729b35 is-layout-flow wp-block-details-is-layout-flow\" style=\"border-top-style:none;border-top-width:0px;border-right-style:none;border-right-width:0px;border-bottom-color:var(--wp--preset--color--contrast-2);border-bottom-style:solid;border-bottom-width:1px;border-left-style:none;border-left-width:0px;margin-top:0\"><summary>\u00bfEn qu\u00e9 tipo de propiedades te especializas?<\/summary>\n<p class=\"has-contrast-2-color has-text-color has-link-color has-medium-font-size wp-elements-119f1a3f14acfa335f15a92b35cc5a59\">Marbella Unique se especializa en una amplia gama de propiedades de lujo, que incluyen villas frente al mar, apartamentos contempor\u00e1neos, fincas exclusivas y casas adosadas con encanto. Nuestro portafolio est\u00e1 cuidadosamente seleccionado para incluir solo las mejores propiedades que ofrecen un dise\u00f1o, comodidad y comodidades excepcionales. Ya sea que est\u00e9 buscando una residencia permanente, una casa de vacaciones o una propiedad de inversi\u00f3n, tenemos opciones que se adaptan a una variedad de gustos y preferencias.<\/p>\n<\/details>\n\n\n\n<div style=\"margin-top:var(--wp--preset--spacing--10);margin-bottom:0;height:var(--wp--preset--spacing--10)\" aria-hidden=\"true\" class=\"wp-block-spacer\"><\/div>\n<\/div>\n<\/div>\n","protected":false},"excerpt":{"rendered":"<p>Le invitamos a confiarnos la venta y\/o alquiler de su propiedad. Somos profesionales con trayectoria comprobada de transacciones inmobiliarias exitosas. Nos comprometemos a ofrecerte un servicio personalizado, transparente y profesional, poniendo toda nuestra experiencia a tu disposici\u00f3n. Cont\u00e1ctanos para resolver cualquier duda que puedas tener, y estaremos encantados de concertar una reuni\u00f3n para resolver cualquier [&hellip;]<\/p>\n","protected":false},"author":1,"featured_media":0,"parent":0,"menu_order":0,"comment_status":"closed","ping_status":"closed","template":"fixed-header","meta":{"footnotes":""},"class_list":["post-9415","page","type-page","status-publish","hentry"],"_links":{"self":[{"href":"https:\/\/www.marbellaunique.com\/es\/wp-json\/wp\/v2\/pages\/9415","targetHints":{"allow":["GET"]}}],"collection":[{"href":"https:\/\/www.marbellaunique.com\/es\/wp-json\/wp\/v2\/pages"}],"about":[{"href":"https:\/\/www.marbellaunique.com\/es\/wp-json\/wp\/v2\/types\/page"}],"author":[{"embeddable":true,"href":"https:\/\/www.marbellaunique.com\/es\/wp-json\/wp\/v2\/users\/1"}],"replies":[{"embeddable":true,"href":"https:\/\/www.marbellaunique.com\/es\/wp-json\/wp\/v2\/comments?post=9415"}],"version-history":[{"count":1,"href":"https:\/\/www.marbellaunique.com\/es\/wp-json\/wp\/v2\/pages\/9415\/revisions"}],"predecessor-version":[{"id":9470,"href":"https:\/\/www.marbellaunique.com\/es\/wp-json\/wp\/v2\/pages\/9415\/revisions\/9470"}],"wp:attachment":[{"href":"https:\/\/www.marbellaunique.com\/es\/wp-json\/wp\/v2\/media?parent=9415"}],"curies":[{"name":"wp","href":"https:\/\/api.w.org\/{rel}","templated":true}]}}