{"id":9633,"date":"2024-05-31T12:59:56","date_gmt":"2024-05-31T10:59:56","guid":{"rendered":"https:\/\/www.marbellaunique.com\/alquiler\/vacacional\/holiday-rentals-in-benahavis"},"modified":"2024-06-26T12:03:39","modified_gmt":"2024-06-26T10:03:39","slug":"holiday-rentals-in-benahavis","status":"publish","type":"page","link":"https:\/\/www.marbellaunique.com\/es\/alquiler\/vacacional\/holiday-rentals-in-benahavis","title":{"rendered":"Alquiler Vacacional en Benahav\u00eds"},"content":{"rendered":"\n<div class=\"wp-block-cover banner_height\"><span aria-hidden=\"true\" class=\"wp-block-cover__background has-background-dim-0 has-background-dim\"><\/span><img decoding=\"async\" class=\"wp-block-cover__image-background wp-image-3188\" alt=\"\" src=\"https:\/\/www.marbellaunique.com\/wp-content\/uploads\/2024\/04\/Grupo-187-scaled.jpg\" data-object-fit=\"cover\"\/><div class=\"wp-block-cover__inner-container has-global-padding is-layout-constrained wp-block-cover-is-layout-constrained\">\n<p class=\"has-text-align-center has-xx-large-font-size\" style=\"font-style:normal;font-weight:400\">Alquiler Vacacional en Benahav\u00eds<\/p>\n<\/div><\/div>\n\n\n\n<div class=\"wp-block-group has-global-padding is-layout-constrained wp-block-group-is-layout-constrained\" style=\"margin-bottom:var(--wp--preset--spacing--50)\">\n<p class=\"has-text-align-center\">Descubre Alquileres Vacacionales en Benahav\u00eds con Marbella Unique<\/p>\n\n\n\n<p class=\"has-text-align-center\">\u00bfBuscas el alquiler a corto plazo perfecto en Benahav\u00eds? No busques m\u00e1s, Marbella Unique es tu mejor opci\u00f3n. Nos especializamos en proporcionar propiedades lujosas y convenientes para tus vacaciones o estancia breve en esta impresionante ciudad. Explora nuestra selecci\u00f3n de apartamentos y villas premium en nuestro sitio web, cada propiedad est\u00e1 dise\u00f1ada para asegurar que tu visita sea lo m\u00e1s c\u00f3moda y memorable posible.<\/p>\n\n\n\n<p class=\"has-text-align-center\">Encuentra Tu Escapada Perfecta en Benahav\u00eds<\/p>\n\n\n\n<p class=\"has-text-align-center\">Marbella Unique facilita encontrar tu alquiler a corto plazo ideal. Nuestro equipo est\u00e1 comprometido a ofrecer un servicio excepcional y soporte, gui\u00e1ndote hacia las mejores opciones que se ajusten a tus preferencias y cronograma. Cont\u00e1ctanos hoy para reservar tu alojamiento ideal en Benahav\u00eds, y disfruta de una estancia libre de estr\u00e9s con todas las comodidades que deseas.<\/p>\n\n\n\n<div class=\"wp-block-group has-global-padding is-layout-constrained wp-block-group-is-layout-constrained\" style=\"margin-top:var(--wp--preset--spacing--30)\"><\/div>\n\n\n\t<div id=\"wpb__style_container\" class=\"wpb--container\">\r\n\t\t<div class=\"wpb--card-container\">\r\n\t\t\t<div class=\"wpb--card\">\n\t<div class=\"wpb--aspect-box wpb--panoramic\">\n\t\t<a class=\"wpb--stretched-link\" href=\"\/es\/propiedad\/vacacional-el-herrojo-villa-673582\">\n\t\t\t\t\t\t\t<img decoding=\"async\" loading=\"lazy\" class=\"wpb--image-fit\" src=\"https:\/\/www.marbellaunique.com\/wp-content\/uploads\/inmoba\/thumb-all-673582.jpg\" alt=\"Villa de estilo Miami en exclusiva en El Herrojo\" \/>\n\t\t\t\n\t\t\t\t\t<\/a>\n\t<\/div>\n\t<div class=\"wpb--card-body\">\n\t\t<h4 class=\"wpb--card-title\">\n\t\t\t<a class=\"wpb--stretched-link\" href=\"\/es\/propiedad\/vacacional-el-herrojo-villa-673582\">\n\t\t\t\t<small>El Herrojo - Benahavis<\/small>\n\t\t\t\tVilla de estilo Miami en exclusiva en El Herrojo<\/a>\n\t\t<\/h4>\n\t\t\t\t\t\t<div class=\"wpb--card-price\">\n\t\t\t\t\t\t\tPrecio bajo demanda\t\t\t\t\t<\/div>\n\t\t\t\t<ul class=\"wpb--card-features\">\n\t\t\t\t\t\t\t\t<li>4  Dormitorios<\/li>\n\t\t\t\t\t\t\t\t<li>3  Ba\u00f1os<\/li>\n\t\t\t\t\t\t\t\t<li>1.000 m&sup2; Plano<\/li>\n\t\t\t\t\t\t\t\t<li>350 m&sup2; Const.<\/li>\n\t\t\t\t\t<\/ul>\n\t\t<span class=\"wpb--card-reference\">239-02489P<\/span>\n\t<\/div>\n<\/div>\n<div class=\"wpb--card\">\n\t<div class=\"wpb--aspect-box wpb--panoramic\">\n\t\t<a class=\"wpb--stretched-link\" href=\"\/es\/propiedad\/vacacional-los-flamingos-golf-villa-624840\">\n\t\t\t\t\t\t\t<img decoding=\"async\" loading=\"lazy\" class=\"wpb--image-fit\" src=\"https:\/\/www.marbellaunique.com\/wp-content\/uploads\/inmoba\/thumb-all-624840.jpg\" alt=\"Una villa de lujo de cinco estrellas con 14 dormitorios en Los Flamingos Golf Resort\" \/>\n\t\t\t\n\t\t\t\t\t<\/a>\n\t<\/div>\n\t<div class=\"wpb--card-body\">\n\t\t<h4 class=\"wpb--card-title\">\n\t\t\t<a class=\"wpb--stretched-link\" href=\"\/es\/propiedad\/vacacional-los-flamingos-golf-villa-624840\">\n\t\t\t\t<small>Los Flamingos Golf - Benahavis<\/small>\n\t\t\t\tUna villa de lujo de cinco estrellas con 14 dormitorios en Los Flamingos Golf Resort<\/a>\n\t\t<\/h4>\n\t\t\t\t\t\t<ul class=\"wpb--card-features\">\n\t\t\t\t\t\t\t\t<li>14  Dormitorios<\/li>\n\t\t\t\t\t\t\t\t<li>16  Ba\u00f1os<\/li>\n\t\t\t\t\t\t\t\t<li>4.120 m&sup2; Plano<\/li>\n\t\t\t\t\t\t\t\t<li>1.117 m&sup2; Const.<\/li>\n\t\t\t\t\t<\/ul>\n\t\t<span class=\"wpb--card-reference\">239-02365P<\/span>\n\t<\/div>\n<\/div>\n<div class=\"wpb--card\">\n\t<div class=\"wpb--aspect-box wpb--panoramic\">\n\t\t<a class=\"wpb--stretched-link\" href=\"\/es\/propiedad\/vacacional-los-flamingos-golf-villa-563460\">\n\t\t\t\t\t\t\t<img decoding=\"async\" loading=\"lazy\" class=\"wpb--image-fit\" src=\"https:\/\/www.marbellaunique.com\/wp-content\/uploads\/inmoba\/thumb-all-563460.jpg\" alt=\"Villa de estilo ultra contempor\u00e1neo en primera l\u00ednea de golf en Los Flamingos Golf, Benahavis\" \/>\n\t\t\t\n\t\t\t\t\t<\/a>\n\t<\/div>\n\t<div class=\"wpb--card-body\">\n\t\t<h4 class=\"wpb--card-title\">\n\t\t\t<a class=\"wpb--stretched-link\" href=\"\/es\/propiedad\/vacacional-los-flamingos-golf-villa-563460\">\n\t\t\t\t<small>Los Flamingos Golf - Benahavis<\/small>\n\t\t\t\tVilla de estilo ultra contempor\u00e1neo en primera l\u00ednea de golf en Los Flamingos Golf, Benahavis<\/a>\n\t\t<\/h4>\n\t\t\t\t\t\t<div class=\"wpb--card-price\">\n\t\t\t\t\t\t\tPrecio bajo demanda\t\t\t\t\t<\/div>\n\t\t\t\t<ul class=\"wpb--card-features\">\n\t\t\t\t\t\t\t\t<li>8  Dormitorios<\/li>\n\t\t\t\t\t\t\t\t<li>8  Ba\u00f1os<\/li>\n\t\t\t\t\t\t\t\t<li>1.200 m&sup2; Plano<\/li>\n\t\t\t\t\t\t\t\t<li>1.000 m&sup2; Const.<\/li>\n\t\t\t\t\t<\/ul>\n\t\t<span class=\"wpb--card-reference\">239-02232P<\/span>\n\t<\/div>\n<\/div>\n<div class=\"wpb--card\">\n\t<div class=\"wpb--aspect-box wpb--panoramic\">\n\t\t<a class=\"wpb--stretched-link\" href=\"\/es\/propiedad\/vacacional-los-flamingos-golf-villa-548018\">\n\t\t\t\t\t\t\t<img decoding=\"async\" loading=\"lazy\" class=\"wpb--image-fit\" src=\"https:\/\/www.marbellaunique.com\/wp-content\/uploads\/inmoba\/thumb-all-548018.jpg\" alt=\"Espectacular villa contempor\u00e1nea en primera l\u00ednea de golf dentro de Los Flamingos Golf\" \/>\n\t\t\t\n\t\t\t\t\t<\/a>\n\t<\/div>\n\t<div class=\"wpb--card-body\">\n\t\t<h4 class=\"wpb--card-title\">\n\t\t\t<a class=\"wpb--stretched-link\" href=\"\/es\/propiedad\/vacacional-los-flamingos-golf-villa-548018\">\n\t\t\t\t<small>Los Flamingos Golf - Benahavis<\/small>\n\t\t\t\tEspectacular villa contempor\u00e1nea en primera l\u00ednea de golf dentro de Los Flamingos Golf<\/a>\n\t\t<\/h4>\n\t\t\t\t\t\t<div class=\"wpb--card-price\">\n\t\t\t\t\t\t\tPrecio bajo demanda\t\t\t\t\t<\/div>\n\t\t\t\t<ul class=\"wpb--card-features\">\n\t\t\t\t\t\t\t\t<li>6  Dormitorios<\/li>\n\t\t\t\t\t\t\t\t<li>6  Ba\u00f1os<\/li>\n\t\t\t\t\t\t\t\t<li>2.577 m&sup2; Plano<\/li>\n\t\t\t\t\t\t\t\t<li>1.183 m&sup2; Const.<\/li>\n\t\t\t\t\t<\/ul>\n\t\t<span class=\"wpb--card-reference\">239-02192P<\/span>\n\t<\/div>\n<\/div>\n<div class=\"wpb--card\">\n\t<div class=\"wpb--aspect-box wpb--panoramic\">\n\t\t<a class=\"wpb--stretched-link\" href=\"\/es\/propiedad\/vacacional-byu-hills-apartamento-planta-baja-471082\">\n\t\t\t\t\t\t\t<img decoding=\"async\" loading=\"lazy\" class=\"wpb--image-fit\" src=\"https:\/\/www.marbellaunique.com\/wp-content\/uploads\/inmoba\/thumb-all-471082.jpg\" alt=\"Apartamento de 3 dormitorios en la incre\u00edble comunidad Byu Hills\" \/>\n\t\t\t\n\t\t\t\t\t<\/a>\n\t<\/div>\n\t<div class=\"wpb--card-body\">\n\t\t<h4 class=\"wpb--card-title\">\n\t\t\t<a class=\"wpb--stretched-link\" href=\"\/es\/propiedad\/vacacional-byu-hills-apartamento-planta-baja-471082\">\n\t\t\t\t<small>Byu Hills - Benahavis<\/small>\n\t\t\t\tApartamento de 3 dormitorios en la incre\u00edble comunidad Byu Hills<\/a>\n\t\t<\/h4>\n\t\t\t\t\t\t<div class=\"wpb--card-price\">\n\t\t\t\t\t\t\tPrecio bajo demanda\t\t\t\t\t<\/div>\n\t\t\t\t<ul class=\"wpb--card-features\">\n\t\t\t\t\t\t\t\t<li>3  Dormitorios<\/li>\n\t\t\t\t\t\t\t\t<li>2  Ba\u00f1os<\/li>\n\t\t\t\t\t\t\t\t<li>140 m&sup2; Const.<\/li>\n\t\t\t\t\t<\/ul>\n\t\t<span class=\"wpb--card-reference\">239-01989P<\/span>\n\t<\/div>\n<\/div>\n<div class=\"wpb--card\">\n\t<div class=\"wpb--aspect-box wpb--panoramic\">\n\t\t<a class=\"wpb--stretched-link\" href=\"\/es\/propiedad\/vacacional-los-arqueros-apartamento-planta-baja-300219\">\n\t\t\t\t\t\t\t<img decoding=\"async\" loading=\"lazy\" class=\"wpb--image-fit\" src=\"https:\/\/www.marbellaunique.com\/wp-content\/uploads\/inmoba\/thumb-all-300219.jpg\" alt=\"Apartamento Planta Baja en alquiler en Los Arqueros, Benahavis\" \/>\n\t\t\t\n\t\t\t\t\t<\/a>\n\t<\/div>\n\t<div class=\"wpb--card-body\">\n\t\t<h4 class=\"wpb--card-title\">\n\t\t\t<a class=\"wpb--stretched-link\" href=\"\/es\/propiedad\/vacacional-los-arqueros-apartamento-planta-baja-300219\">\n\t\t\t\t<small>Los Arqueros - Benahavis<\/small>\n\t\t\t\tApartamento Planta Baja en alquiler en Los Arqueros, Benahavis<\/a>\n\t\t<\/h4>\n\t\t\t\t\t\t<div class=\"wpb--card-price\">\n\t\t\t\t\t\t\tPrecio bajo demanda\t\t\t\t\t<\/div>\n\t\t\t\t<ul class=\"wpb--card-features\">\n\t\t\t\t\t\t\t\t<li>2  Dormitorios<\/li>\n\t\t\t\t\t\t\t\t<li>2  Ba\u00f1os<\/li>\n\t\t\t\t\t\t\t\t<li>96 m&sup2; Const.<\/li>\n\t\t\t\t\t<\/ul>\n\t\t<span class=\"wpb--card-reference\">239-01592P<\/span>\n\t<\/div>\n<\/div>\n\t\t<\/div>\r\n\t\t<!-- Go to the full list -->\r\n\t\t\t\t<div class=\"wpb--center\">\r\n\t\t\t<a class=\"wpb--btn-outline\" href=\"\/alquiler\/vacacional?l=es&refinesearch-typeselector=categories&o=dateCreated+DESC&f=rent-short&ct%5B%5D=6&pr%5B%5D=7&c=c4&a=&pf=&pt=&t=&dr=&r=#\">Ver m\u00e1s<\/a>\r\n\t\t<\/div>\r\n\t\t\t<\/div>\r\n\n<\/div>\n","protected":false},"excerpt":{"rendered":"<p>Descubre Alquileres Vacacionales en Benahav\u00eds con Marbella Unique \u00bfBuscas el alquiler a corto plazo perfecto en Benahav\u00eds? No busques m\u00e1s, Marbella Unique es tu mejor opci\u00f3n. Nos especializamos en proporcionar propiedades lujosas y convenientes para tus vacaciones o estancia breve en esta impresionante ciudad. Explora nuestra selecci\u00f3n de apartamentos y villas premium en nuestro sitio [&hellip;]<\/p>\n","protected":false},"author":9,"featured_media":0,"parent":9276,"menu_order":0,"comment_status":"closed","ping_status":"closed","template":"fixed-header","meta":{"footnotes":""},"class_list":["post-9633","page","type-page","status-publish","hentry"],"_links":{"self":[{"href":"https:\/\/www.marbellaunique.com\/es\/wp-json\/wp\/v2\/pages\/9633","targetHints":{"allow":["GET"]}}],"collection":[{"href":"https:\/\/www.marbellaunique.com\/es\/wp-json\/wp\/v2\/pages"}],"about":[{"href":"https:\/\/www.marbellaunique.com\/es\/wp-json\/wp\/v2\/types\/page"}],"author":[{"embeddable":true,"href":"https:\/\/www.marbellaunique.com\/es\/wp-json\/wp\/v2\/users\/9"}],"replies":[{"embeddable":true,"href":"https:\/\/www.marbellaunique.com\/es\/wp-json\/wp\/v2\/comments?post=9633"}],"version-history":[{"count":1,"href":"https:\/\/www.marbellaunique.com\/es\/wp-json\/wp\/v2\/pages\/9633\/revisions"}],"predecessor-version":[{"id":9634,"href":"https:\/\/www.marbellaunique.com\/es\/wp-json\/wp\/v2\/pages\/9633\/revisions\/9634"}],"up":[{"embeddable":true,"href":"https:\/\/www.marbellaunique.com\/es\/wp-json\/wp\/v2\/pages\/9276"}],"wp:attachment":[{"href":"https:\/\/www.marbellaunique.com\/es\/wp-json\/wp\/v2\/media?parent=9633"}],"curies":[{"name":"wp","href":"https:\/\/api.w.org\/{rel}","templated":true}]}}