{"id":9733,"date":"2024-07-29T13:00:30","date_gmt":"2024-07-29T11:00:30","guid":{"rendered":"https:\/\/www.marbellaunique.com\/?page_id=9733"},"modified":"2024-09-06T13:18:50","modified_gmt":"2024-09-06T11:18:50","slug":"marbella-este","status":"publish","type":"page","link":"https:\/\/www.marbellaunique.com\/es\/alquiler\/larga-temporada\/marbella-este","title":{"rendered":"Alquileres de larga temporada en Marbella Este"},"content":{"rendered":"\n<div class=\"wp-block-cover banner_height\"><span aria-hidden=\"true\" class=\"wp-block-cover__background has-background-dim-60 has-background-dim wp-block-cover__gradient-background has-background-gradient\" style=\"background:linear-gradient(180deg,rgb(255,255,255) 7%,rgba(155,81,224,0) 24%)\"><\/span><img decoding=\"async\" class=\"wp-block-cover__image-background wp-image-3192\" alt=\"\" src=\"https:\/\/www.marbellaunique.com\/wp-content\/uploads\/2024\/04\/long-term-scaled.jpg\" data-object-fit=\"cover\"\/><div class=\"wp-block-cover__inner-container has-global-padding is-layout-constrained wp-block-cover-is-layout-constrained\">\n<h1 class=\"wp-block-heading has-text-align-center has-base-color has-text-color has-link-color has-xx-large-font-size wp-elements-bcff01418c4d9cf1f809c7764c9e1ccc\">Alquileres de larga temporada en Marbella Este<\/h1>\n<\/div><\/div>\n\n\n\n<div class=\"wp-block-group has-global-padding is-content-justification-center is-layout-constrained wp-block-group-is-layout-constrained\">\n<p class=\"has-text-align-center\">Marbella Este es una de las zonas m\u00e1s codiciadas de Marbella, ofreciendo una mezcla perfecta de tranquilidad, belleza natural y proximidad a servicios de alta calidad. Para quienes buscan establecerse en esta \u00e1rea, los <strong>alquileres de larga temporada en Marbella Este<\/strong> representan una opci\u00f3n excelente. Desde apartamentos modernos hasta villas amplias, esta zona ofrece una amplia gama de opciones para adaptarse a diferentes necesidades y estilos de vida.<\/p>\n\n\n\n<h2 class=\"wp-block-heading has-text-align-center\">Ventajas de optar por alquileres de larga temporada en Marbella Este<\/h2>\n\n\n\n<p class=\"has-text-align-center\">Elegir alquileres de larga temporada en Marbella Este ofrece m\u00faltiples ventajas. En primer lugar, vivir en Marbella Este proporciona un ambiente m\u00e1s relajado y menos concurrido en comparaci\u00f3n con el centro de Marbella o Puerto Ban\u00fas, pero sin sacrificar la comodidad y la accesibilidad. Los residentes pueden disfrutar de hermosas playas, campos de golf de primer nivel y una amplia oferta de restaurantes y tiendas, todo a una distancia c\u00f3moda.<\/p>\n\n\n\n<p class=\"has-text-align-center\">Adem\u00e1s, los <strong>alquileres de larga temporada en Marbella Este<\/strong> suelen incluir acceso a servicios exclusivos como seguridad privada, piscinas comunitarias y \u00e1reas de jardines. Esto no solo mejora la calidad de vida, sino que tambi\u00e9n ofrece un entorno seguro y agradable para familias, parejas y profesionales. La estabilidad que brinda un alquiler a largo plazo permite a los residentes integrarse mejor en la comunidad y disfrutar de una experiencia de vida m\u00e1s estable y confortable.<\/p>\n<\/div>\n\n\n\n<div style=\"height:0px\" aria-hidden=\"true\" class=\"wp-block-spacer\"><\/div>\n\n\n\t<div id=\"wpb__style_container\" class=\"wpb--container\">\r\n\t\t<div class=\"wpb--card-container\">\r\n\t\t\t<div class=\"wpb--card\">\n\t<div class=\"wpb--aspect-box wpb--panoramic\">\n\t\t<a class=\"wpb--stretched-link\" href=\"\/es\/propiedad\/largatemporada-las-lomas-de-rio-real-atico-duplex-676786\">\n\t\t\t\t\t\t\t<img decoding=\"async\" loading=\"lazy\" class=\"wpb--image-fit\" src=\"https:\/\/www.marbellaunique.com\/wp-content\/uploads\/inmoba\/thumb-all-676786.jpg\" alt=\"\u00c1tico D\u00faplex en Las Lomas de Rio Real, Marbella Este\" \/>\n\t\t\t\n\t\t\t\t\t<\/a>\n\t<\/div>\n\t<div class=\"wpb--card-body\">\n\t\t<h4 class=\"wpb--card-title\">\n\t\t\t<a class=\"wpb--stretched-link\" href=\"\/es\/propiedad\/largatemporada-las-lomas-de-rio-real-atico-duplex-676786\">\n\t\t\t\t<small>Las Lomas de Rio Real - Marbella Este<\/small>\n\t\t\t\t\u00c1tico D\u00faplex en Las Lomas de Rio Real, Marbella Este<\/a>\n\t\t<\/h4>\n\t\t\t\t\t\t<div class=\"wpb--card-price\">\n\t\t\t\t\t\t\t2.850 &euro; \/ Mes\t\t\t\t\t<\/div>\n\t\t\t\t<ul class=\"wpb--card-features\">\n\t\t\t\t\t\t\t\t<li>3  Dormitorios<\/li>\n\t\t\t\t\t\t\t\t<li>2  Ba\u00f1os<\/li>\n\t\t\t\t\t\t\t\t<li>137 m&sup2; Const.<\/li>\n\t\t\t\t\t<\/ul>\n\t\t<span class=\"wpb--card-reference\">239-02494P<\/span>\n\t<\/div>\n<\/div>\n<div class=\"wpb--card\">\n\t<div class=\"wpb--aspect-box wpb--panoramic\">\n\t\t<a class=\"wpb--stretched-link\" href=\"\/es\/propiedad\/largatemporada-carib-playa-apartamento-planta-baja-649283\">\n\t\t\t\t\t\t\t<img decoding=\"async\" loading=\"lazy\" class=\"wpb--image-fit\" src=\"https:\/\/www.marbellaunique.com\/wp-content\/uploads\/inmoba\/thumb-all-649283.jpg\" alt=\"Apartamento reformado en planta baja lado playa, en Carib Playa, Marbella Este\" \/>\n\t\t\t\n\t\t\t\t\t<\/a>\n\t<\/div>\n\t<div class=\"wpb--card-body\">\n\t\t<h4 class=\"wpb--card-title\">\n\t\t\t<a class=\"wpb--stretched-link\" href=\"\/es\/propiedad\/largatemporada-carib-playa-apartamento-planta-baja-649283\">\n\t\t\t\t<small>Carib Playa - Marbella Este<\/small>\n\t\t\t\tApartamento reformado en planta baja lado playa, en Carib Playa, Marbella Este<\/a>\n\t\t<\/h4>\n\t\t\t\t\t\t<div class=\"wpb--card-price\">\n\t\t\t\t\t\t\t2.600 &euro; \/ Mes\t\t\t\t\t<\/div>\n\t\t\t\t<ul class=\"wpb--card-features\">\n\t\t\t\t\t\t\t\t<li>3  Dormitorios<\/li>\n\t\t\t\t\t\t\t\t<li>2  Ba\u00f1os<\/li>\n\t\t\t\t\t\t\t\t<li>50 m&sup2; Plano<\/li>\n\t\t\t\t\t\t\t\t<li>120 m&sup2; Const.<\/li>\n\t\t\t\t\t<\/ul>\n\t\t<span class=\"wpb--card-reference\">239-02440P<\/span>\n\t<\/div>\n<\/div>\n<div class=\"wpb--card\">\n\t<div class=\"wpb--aspect-box wpb--panoramic\">\n\t\t<a class=\"wpb--stretched-link\" href=\"\/es\/propiedad\/largatemporada-los-altos-de-los-monteros-apartamento-648632\">\n\t\t\t\t\t\t\t<img decoding=\"async\" loading=\"lazy\" class=\"wpb--image-fit\" src=\"https:\/\/www.marbellaunique.com\/wp-content\/uploads\/inmoba\/thumb-all-648632.jpg\" alt=\"Apartamento contempor\u00e1neo y elegante con vistas panor\u00e1micas en Los Altos de los Monteros, Marbella Este\" \/>\n\t\t\t\n\t\t\t\t\t\t\t<span class=\"wpb--card-label\">Alquilado<\/span>\n\t\t\t\t\t<\/a>\n\t<\/div>\n\t<div class=\"wpb--card-body\">\n\t\t<h4 class=\"wpb--card-title\">\n\t\t\t<a class=\"wpb--stretched-link\" href=\"\/es\/propiedad\/largatemporada-los-altos-de-los-monteros-apartamento-648632\">\n\t\t\t\t<small>Los Altos de los Monteros - Marbella Este<\/small>\n\t\t\t\tApartamento contempor\u00e1neo y elegante con vistas panor\u00e1micas en Los Altos de los Monteros, Marbella Este<\/a>\n\t\t<\/h4>\n\t\t\t\t\t\t<div class=\"wpb--card-price\">\n\t\t\t\t\t\t\tAlquilado\t\t\t\t\t<\/div>\n\t\t\t\t<ul class=\"wpb--card-features\">\n\t\t\t\t\t\t\t\t<li>3  Dormitorios<\/li>\n\t\t\t\t\t\t\t\t<li>2  Ba\u00f1os<\/li>\n\t\t\t\t\t\t\t\t<li>112 m&sup2; Const.<\/li>\n\t\t\t\t\t<\/ul>\n\t\t<span class=\"wpb--card-reference\">239-02439P<\/span>\n\t<\/div>\n<\/div>\n<div class=\"wpb--card\">\n\t<div class=\"wpb--aspect-box wpb--panoramic\">\n\t\t<a class=\"wpb--stretched-link\" href=\"\/es\/propiedad\/largatemporada-santa-clara-adosado-645836\">\n\t\t\t\t\t\t\t<img decoding=\"async\" loading=\"lazy\" class=\"wpb--image-fit\" src=\"https:\/\/www.marbellaunique.com\/wp-content\/uploads\/inmoba\/thumb-all-645836.jpg\" alt=\"Pareada en esquina con piscina privada y jacuzzi en Santa Clara Golf, Marbella Este\" \/>\n\t\t\t\n\t\t\t\t\t<\/a>\n\t<\/div>\n\t<div class=\"wpb--card-body\">\n\t\t<h4 class=\"wpb--card-title\">\n\t\t\t<a class=\"wpb--stretched-link\" href=\"\/es\/propiedad\/largatemporada-santa-clara-adosado-645836\">\n\t\t\t\t<small>Santa Clara - Marbella Este<\/small>\n\t\t\t\tPareada en esquina con piscina privada y jacuzzi en Santa Clara Golf, Marbella Este<\/a>\n\t\t<\/h4>\n\t\t\t\t\t\t<div class=\"wpb--card-price\">\n\t\t\t\t\t\t\t4.500 &euro; \/ Mes\t\t\t\t\t<\/div>\n\t\t\t\t<ul class=\"wpb--card-features\">\n\t\t\t\t\t\t\t\t<li>3  Dormitorios<\/li>\n\t\t\t\t\t\t\t\t<li>4  Ba\u00f1os<\/li>\n\t\t\t\t\t\t\t\t<li>443 m&sup2; Plano<\/li>\n\t\t\t\t\t\t\t\t<li>218 m&sup2; Const.<\/li>\n\t\t\t\t\t<\/ul>\n\t\t<span class=\"wpb--card-reference\">239-02434P<\/span>\n\t<\/div>\n<\/div>\n<div class=\"wpb--card\">\n\t<div class=\"wpb--aspect-box wpb--panoramic\">\n\t\t<a class=\"wpb--stretched-link\" href=\"\/es\/propiedad\/largatemporada-don-carlos-apartamento-576752\">\n\t\t\t\t\t\t\t<img decoding=\"async\" loading=\"lazy\" class=\"wpb--image-fit\" src=\"https:\/\/www.marbellaunique.com\/wp-content\/uploads\/inmoba\/thumb-all-576752.jpg\" alt=\"Apartamento de 2 dormitorios junto a la playa en la zona de Don Carlos, Marbella Este\" \/>\n\t\t\t\n\t\t\t\t\t\t\t<span class=\"wpb--card-label\">Alquilado<\/span>\n\t\t\t\t\t<\/a>\n\t<\/div>\n\t<div class=\"wpb--card-body\">\n\t\t<h4 class=\"wpb--card-title\">\n\t\t\t<a class=\"wpb--stretched-link\" href=\"\/es\/propiedad\/largatemporada-don-carlos-apartamento-576752\">\n\t\t\t\t<small>Don Carlos - Marbella Este<\/small>\n\t\t\t\tApartamento de 2 dormitorios junto a la playa en la zona de Don Carlos, Marbella Este<\/a>\n\t\t<\/h4>\n\t\t\t\t\t\t<div class=\"wpb--card-price\">\n\t\t\t\t\t\t\tAlquilado\t\t\t\t\t<\/div>\n\t\t\t\t<ul class=\"wpb--card-features\">\n\t\t\t\t\t\t\t\t<li>2  Dormitorios<\/li>\n\t\t\t\t\t\t\t\t<li>2  Ba\u00f1os<\/li>\n\t\t\t\t\t\t\t\t<li>138 m&sup2; Const.<\/li>\n\t\t\t\t\t<\/ul>\n\t\t<span class=\"wpb--card-reference\">239-02263P<\/span>\n\t<\/div>\n<\/div>\n<div class=\"wpb--card\">\n\t<div class=\"wpb--aspect-box wpb--panoramic\">\n\t\t<a class=\"wpb--stretched-link\" href=\"\/es\/propiedad\/largatemporada-elviria-villa-455546\">\n\t\t\t\t\t\t\t<img decoding=\"async\" loading=\"lazy\" class=\"wpb--image-fit\" src=\"https:\/\/www.marbellaunique.com\/wp-content\/uploads\/inmoba\/thumb-all-455546.jpg\" alt=\"Elegante villa totalmente reformada de 5 dormitorios con vistas parciales al mar en Elviria, Marbella Este\" \/>\n\t\t\t\n\t\t\t\t\t\t\t<span class=\"wpb--card-label\">Alquilado<\/span>\n\t\t\t\t\t<\/a>\n\t<\/div>\n\t<div class=\"wpb--card-body\">\n\t\t<h4 class=\"wpb--card-title\">\n\t\t\t<a class=\"wpb--stretched-link\" href=\"\/es\/propiedad\/largatemporada-elviria-villa-455546\">\n\t\t\t\t<small>Elviria - Marbella Este<\/small>\n\t\t\t\tElegante villa totalmente reformada de 5 dormitorios con vistas parciales al mar en Elviria, Marbella Este<\/a>\n\t\t<\/h4>\n\t\t\t\t\t\t<div class=\"wpb--card-price\">\n\t\t\t\t\t\t\tAlquilado\t\t\t\t\t<\/div>\n\t\t\t\t<ul class=\"wpb--card-features\">\n\t\t\t\t\t\t\t\t<li>5  Dormitorios<\/li>\n\t\t\t\t\t\t\t\t<li>3  Ba\u00f1os<\/li>\n\t\t\t\t\t\t\t\t<li>1.106 m&sup2; Plano<\/li>\n\t\t\t\t\t\t\t\t<li>450 m&sup2; Const.<\/li>\n\t\t\t\t\t<\/ul>\n\t\t<span class=\"wpb--card-reference\">239-01947P<\/span>\n\t<\/div>\n<\/div>\n<div class=\"wpb--card\">\n\t<div class=\"wpb--aspect-box wpb--panoramic\">\n\t\t<a class=\"wpb--stretched-link\" href=\"\/es\/propiedad\/largatemporada-dunas-de-bahia-marbella-adosado-394033\">\n\t\t\t\t\t\t\t<img decoding=\"async\" loading=\"lazy\" class=\"wpb--image-fit\" src=\"https:\/\/www.marbellaunique.com\/wp-content\/uploads\/inmoba\/thumb-all-394033.jpg\" alt=\"Casa de 5 dormitorios primera l\u00ednea de playa en Bah\u00eda de Marbella\" \/>\n\t\t\t\n\t\t\t\t\t<\/a>\n\t<\/div>\n\t<div class=\"wpb--card-body\">\n\t\t<h4 class=\"wpb--card-title\">\n\t\t\t<a class=\"wpb--stretched-link\" href=\"\/es\/propiedad\/largatemporada-dunas-de-bahia-marbella-adosado-394033\">\n\t\t\t\t<small>Dunas de Bahia Marbella - Marbella Este<\/small>\n\t\t\t\tCasa de 5 dormitorios primera l\u00ednea de playa en Bah\u00eda de Marbella<\/a>\n\t\t<\/h4>\n\t\t\t\t\t\t<div class=\"wpb--card-price\">\n\t\t\t\t\t\t\t11.300 &euro; \/ Mes\t\t\t\t\t<\/div>\n\t\t\t\t<ul class=\"wpb--card-features\">\n\t\t\t\t\t\t\t\t<li>5  Dormitorios<\/li>\n\t\t\t\t\t\t\t\t<li>4  Ba\u00f1os<\/li>\n\t\t\t\t\t\t\t\t<li>450 m&sup2; Const.<\/li>\n\t\t\t\t\t<\/ul>\n\t\t<span class=\"wpb--card-reference\">239-01801P<\/span>\n\t<\/div>\n<\/div>\n<div class=\"wpb--card\">\n\t<div class=\"wpb--aspect-box wpb--panoramic\">\n\t\t<a class=\"wpb--stretched-link\" href=\"\/es\/propiedad\/largatemporada-los-monteros-adosado-212346\">\n\t\t\t\t\t\t\t<img decoding=\"async\" loading=\"lazy\" class=\"wpb--image-fit\" src=\"https:\/\/www.marbellaunique.com\/wp-content\/uploads\/inmoba\/thumb-all-212346.jpg\" alt=\"Adosado en alquiler en Los Monteros, Marbella\" \/>\n\t\t\t\n\t\t\t\t\t\t\t<span class=\"wpb--card-label\">Alquilado<\/span>\n\t\t\t\t\t<\/a>\n\t<\/div>\n\t<div class=\"wpb--card-body\">\n\t\t<h4 class=\"wpb--card-title\">\n\t\t\t<a class=\"wpb--stretched-link\" href=\"\/es\/propiedad\/largatemporada-los-monteros-adosado-212346\">\n\t\t\t\t<small>Los Monteros - Marbella Este<\/small>\n\t\t\t\tAdosado en alquiler en Los Monteros, Marbella<\/a>\n\t\t<\/h4>\n\t\t\t\t\t\t<div class=\"wpb--card-price\">\n\t\t\t\t\t\t\tAlquilado\t\t\t\t\t<\/div>\n\t\t\t\t<ul class=\"wpb--card-features\">\n\t\t\t\t\t\t\t\t<li>6  Dormitorios<\/li>\n\t\t\t\t\t\t\t\t<li>6  Ba\u00f1os<\/li>\n\t\t\t\t\t\t\t\t<li>250 m&sup2; Const.<\/li>\n\t\t\t\t\t<\/ul>\n\t\t<span class=\"wpb--card-reference\">239-01333P<\/span>\n\t<\/div>\n<\/div>\n\t\t<\/div>\r\n\t\t<!-- Go to the full list -->\r\n\t\t\t\t<div class=\"wpb--center\">\r\n\t\t\t<a class=\"wpb--btn-outline\" href=\"\/es\/alquiler\/larga-temporada?l=es&refinesearch-typeselector=categories&o=dateCreated+DESC&f=rent-long&ct%5B%5D=6&pr%5B%5D=7&c=c24&a=a40&pf=&pt=&t=&b=&r=#\">Ver m\u00e1s<\/a>\r\n\t\t<\/div>\r\n\t\t\t<\/div>\r\n\n\n\n\n<div class=\"wp-block-group has-global-padding is-content-justification-center is-layout-constrained wp-block-group-is-layout-constrained\">\n<h2 class=\"wp-block-heading has-text-align-center\">Consideraciones al buscar alquileres de larga temporada en Marbella Este<\/h2>\n\n\n\n<p class=\"has-text-align-center\">Al buscar alquileres de larga temporada en Marbella Este, es fundamental tener en cuenta varios factores para garantizar una elecci\u00f3n adecuada. Primero, considera la ubicaci\u00f3n exacta dentro de Marbella Este, ya que diferentes \u00e1reas pueden ofrecer diversas ventajas, como cercan\u00eda a playas, vistas panor\u00e1micas o accesibilidad a servicios locales. Tambi\u00e9n es importante evaluar el estado y las caracter\u00edsticas de la propiedad, as\u00ed como las condiciones del alquiler.<\/p>\n\n\n\n<p class=\"has-text-align-center\">Otro aspecto a considerar es el tipo de propiedad que mejor se adapte a tus necesidades, ya sea un apartamento moderno, una casa familiar o una villa con jard\u00edn. Contar con el asesoramiento de un agente inmobiliario local puede facilitar el proceso de b\u00fasqueda, ya que podr\u00e1n ofrecerte informaci\u00f3n detallada sobre las opciones disponibles y ayudarte a encontrar el alquiler que mejor se ajuste a tus requisitos.<\/p>\n\n\n\n<p class=\"has-text-align-center\">En resumen, los alquileres de larga temporada en Marbella Este ofrecen una excelente oportunidad para disfrutar de una vida c\u00f3moda y lujosa en una de las zonas m\u00e1s deseadas de la Costa del Sol. Con una variedad de opciones disponibles y una ubicaci\u00f3n privilegiada, esta \u00e1rea es ideal para aquellos que buscan establecerse en Marbella por un per\u00edodo prolongado.<\/p>\n<\/div>\n\n\n\n<div style=\"height:50px\" aria-hidden=\"true\" class=\"wp-block-spacer\"><\/div>\n","protected":false},"excerpt":{"rendered":"<p>Marbella Este es una de las zonas m\u00e1s codiciadas de Marbella, ofreciendo una mezcla perfecta de tranquilidad, belleza natural y proximidad a servicios de alta calidad. Para quienes buscan establecerse en esta \u00e1rea, los alquileres de larga temporada en Marbella Este representan una opci\u00f3n excelente. Desde apartamentos modernos hasta villas amplias, esta zona ofrece una [&hellip;]<\/p>\n","protected":false},"author":9,"featured_media":0,"parent":9281,"menu_order":0,"comment_status":"closed","ping_status":"closed","template":"fixed-header","meta":{"footnotes":""},"class_list":["post-9733","page","type-page","status-publish","hentry"],"_links":{"self":[{"href":"https:\/\/www.marbellaunique.com\/es\/wp-json\/wp\/v2\/pages\/9733","targetHints":{"allow":["GET"]}}],"collection":[{"href":"https:\/\/www.marbellaunique.com\/es\/wp-json\/wp\/v2\/pages"}],"about":[{"href":"https:\/\/www.marbellaunique.com\/es\/wp-json\/wp\/v2\/types\/page"}],"author":[{"embeddable":true,"href":"https:\/\/www.marbellaunique.com\/es\/wp-json\/wp\/v2\/users\/9"}],"replies":[{"embeddable":true,"href":"https:\/\/www.marbellaunique.com\/es\/wp-json\/wp\/v2\/comments?post=9733"}],"version-history":[{"count":1,"href":"https:\/\/www.marbellaunique.com\/es\/wp-json\/wp\/v2\/pages\/9733\/revisions"}],"predecessor-version":[{"id":10206,"href":"https:\/\/www.marbellaunique.com\/es\/wp-json\/wp\/v2\/pages\/9733\/revisions\/10206"}],"up":[{"embeddable":true,"href":"https:\/\/www.marbellaunique.com\/es\/wp-json\/wp\/v2\/pages\/9281"}],"wp:attachment":[{"href":"https:\/\/www.marbellaunique.com\/es\/wp-json\/wp\/v2\/media?parent=9733"}],"curies":[{"name":"wp","href":"https:\/\/api.w.org\/{rel}","templated":true}]}}