{"id":9783,"date":"2024-07-30T13:54:10","date_gmt":"2024-07-30T11:54:10","guid":{"rendered":"https:\/\/www.marbellaunique.com\/?page_id=9783"},"modified":"2024-08-19T11:46:50","modified_gmt":"2024-08-19T09:46:50","slug":"nueva-andalucia","status":"publish","type":"page","link":"https:\/\/www.marbellaunique.com\/es\/obra-nueva\/nueva-andalucia","title":{"rendered":"Obra Nueva &#8211; Nueva Andaluc\u00eda"},"content":{"rendered":"\n<div class=\"wp-block-cover banner_height\" style=\"min-height:600px;aspect-ratio:unset;\"><span aria-hidden=\"true\" class=\"wp-block-cover__background has-background-dim-60 has-background-dim wp-block-cover__gradient-background has-background-gradient\" style=\"background:linear-gradient(180deg,rgb(255,255,255) 6%,rgba(156,82,224,0) 27%)\"><\/span><img decoding=\"async\" class=\"wp-block-cover__image-background wp-image-3185\" alt=\"\" src=\"https:\/\/www.marbellaunique.com\/wp-content\/uploads\/2024\/04\/new-build-scaled.jpg\" data-object-fit=\"cover\"\/><div class=\"wp-block-cover__inner-container has-global-padding is-layout-constrained wp-block-cover-is-layout-constrained\">\n<p class=\"has-text-align-center has-xx-large-font-size\" style=\"font-style:normal;font-weight:400\">Propiedades de nueva construcci\u00f3n en Nueva Andaluc\u00eda<\/p>\n<\/div><\/div>\n\n\n\n<div class=\"wp-block-group has-global-padding is-layout-constrained wp-block-group-is-layout-constrained\">\n<p class=\"has-text-align-center\" style=\"padding-top:0\">Descubre nuestras propiedades de nueva construcci\u00f3n en Nueva Andaluc\u00eda, donde el dise\u00f1o moderno y la calidad se unen. Las propiedades de nueva construcci\u00f3n en Nueva Andaluc\u00eda ofrecen un estilo contempor\u00e1neo y una ubicaci\u00f3n ideal cerca de campos de golf y playas.<\/p>\n\n\n\t<div id=\"wpb__style_container\" class=\"wpb--container\">\r\n\t\t<div class=\"wpb--card-container\">\r\n\t\t\t<div class=\"wpb--card\">\n\t<div class=\"wpb--aspect-box wpb--panoramic\">\n\t\t<a class=\"wpb--stretched-link\" href=\"\/es\/propiedad\/promocion-nueva-andalucia-new-development-6474\">\n\t\t\t\t\t\t\t<img decoding=\"async\" class=\"wpb--image-fit\" loading=\"lazy\" src=\"https:\/\/www.marbellaunique.com\/wp-content\/uploads\/inmoba\/thumb-developments-6474.jpg\" alt=\"Espectacular complejo de apartamentos de 2,3 y 4 dormitorios en Nueva Andaluc\u00eda.\" \/>\n\t\t\t\t\t<\/a>\n\t<\/div>\n\t<div class=\"wpb--card-body\">\n\t\t<h4 class=\"wpb--card-title\">\n\t\t\t<a class=\"wpb--stretched-link\" href=\"\/es\/propiedad\/promocion-nueva-andalucia-new-development-6474\">\n\t\t\t\t<small>Nueva Andalucia - Marbella<\/small>\n\t\t\t\tEspectacular complejo de apartamentos de 2,3 y 4 dormitorios en Nueva Andaluc\u00eda.<\/a>\n\t\t<\/h4>\n\t\t<div class=\"wpb--card-price-developments\">\n\t\t\tDesde 615.000 &euro; hasta 2.435.000 &euro;\t\t<\/div>\n\t\t<span class=\"wpb--card-reference\">239-00106G<\/span>\n\t<\/div>\n<\/div>\n<div class=\"wpb--card\">\n\t<div class=\"wpb--aspect-box wpb--panoramic\">\n\t\t<a class=\"wpb--stretched-link\" href=\"\/es\/propiedad\/promocion-nueva-andalucia-new-development-5739\">\n\t\t\t\t\t\t\t<img decoding=\"async\" class=\"wpb--image-fit\" loading=\"lazy\" src=\"https:\/\/www.marbellaunique.com\/wp-content\/uploads\/inmoba\/thumb-developments-5739.jpg\" alt=\"Una lujosa villa de 3 dormitorios junto a la monta\u00f1a con impresionantes vistas al mar en Nueva Andaluc\u00eda\" \/>\n\t\t\t\t\t<\/a>\n\t<\/div>\n\t<div class=\"wpb--card-body\">\n\t\t<h4 class=\"wpb--card-title\">\n\t\t\t<a class=\"wpb--stretched-link\" href=\"\/es\/propiedad\/promocion-nueva-andalucia-new-development-5739\">\n\t\t\t\t<small>Nueva Andalucia - Marbella<\/small>\n\t\t\t\tUna lujosa villa de 3 dormitorios junto a la monta\u00f1a con impresionantes vistas al mar en Nueva Andaluc\u00eda<\/a>\n\t\t<\/h4>\n\t\t<div class=\"wpb--card-price-developments\">\n\t\t\tDesde 690.000 &euro;\t\t<\/div>\n\t\t<span class=\"wpb--card-reference\">239-00100G<\/span>\n\t<\/div>\n<\/div>\n\t\t<\/div>\r\n\t\t<!-- Go to the full list -->\r\n\t\t\t\t<div class=\"wpb--center\">\r\n\t\t\t<a class=\"wpb--btn-outline\" href=\"\/es\/obra-nueva?f=developments&l=es&o=dateCreated+DESC&refinesearch-typeselector=categories&c=a51&t=&pt=&r=#\">Ver m\u00e1s<\/a>\r\n\t\t<\/div>\r\n\t\t\t<\/div>\r\n\n<\/div>\n","protected":false},"excerpt":{"rendered":"<p>Descubre nuestras propiedades de nueva construcci\u00f3n en Nueva Andaluc\u00eda, donde el dise\u00f1o moderno y la calidad se unen. Las propiedades de nueva construcci\u00f3n en Nueva Andaluc\u00eda ofrecen un estilo contempor\u00e1neo y una ubicaci\u00f3n ideal cerca de campos de golf y playas.<\/p>\n","protected":false},"author":9,"featured_media":0,"parent":9285,"menu_order":0,"comment_status":"closed","ping_status":"closed","template":"","meta":{"footnotes":""},"class_list":["post-9783","page","type-page","status-publish","hentry"],"_links":{"self":[{"href":"https:\/\/www.marbellaunique.com\/es\/wp-json\/wp\/v2\/pages\/9783","targetHints":{"allow":["GET"]}}],"collection":[{"href":"https:\/\/www.marbellaunique.com\/es\/wp-json\/wp\/v2\/pages"}],"about":[{"href":"https:\/\/www.marbellaunique.com\/es\/wp-json\/wp\/v2\/types\/page"}],"author":[{"embeddable":true,"href":"https:\/\/www.marbellaunique.com\/es\/wp-json\/wp\/v2\/users\/9"}],"replies":[{"embeddable":true,"href":"https:\/\/www.marbellaunique.com\/es\/wp-json\/wp\/v2\/comments?post=9783"}],"version-history":[{"count":1,"href":"https:\/\/www.marbellaunique.com\/es\/wp-json\/wp\/v2\/pages\/9783\/revisions"}],"predecessor-version":[{"id":9948,"href":"https:\/\/www.marbellaunique.com\/es\/wp-json\/wp\/v2\/pages\/9783\/revisions\/9948"}],"up":[{"embeddable":true,"href":"https:\/\/www.marbellaunique.com\/es\/wp-json\/wp\/v2\/pages\/9285"}],"wp:attachment":[{"href":"https:\/\/www.marbellaunique.com\/es\/wp-json\/wp\/v2\/media?parent=9783"}],"curies":[{"name":"wp","href":"https:\/\/api.w.org\/{rel}","templated":true}]}}