{"id":9824,"date":"2024-07-31T10:26:41","date_gmt":"2024-07-31T08:26:41","guid":{"rendered":"https:\/\/www.marbellaunique.com\/?page_id=9824"},"modified":"2024-08-19T12:28:30","modified_gmt":"2024-08-19T10:28:30","slug":"la-zagaleta","status":"publish","type":"page","link":"https:\/\/www.marbellaunique.com\/es\/propiedades\/la-zagaleta","title":{"rendered":"Propiedades en venta en La Zagaleta"},"content":{"rendered":"\n<div class=\"wp-block-cover is-light jaleo-page-cover banner_height\" style=\"min-height:598px;aspect-ratio:unset;\"><span aria-hidden=\"true\" class=\"wp-block-cover__background has-background-dim-0 has-background-dim\"><\/span><img decoding=\"async\" class=\"wp-block-cover__image-background wp-image-3162\" alt=\"\" src=\"https:\/\/www.marbellaunique.com\/wp-content\/uploads\/2024\/04\/bannerProperties.jpg\" data-object-fit=\"cover\"\/><div class=\"wp-block-cover__inner-container has-global-padding is-layout-constrained wp-block-cover-is-layout-constrained\">\n<h2 class=\"wp-block-heading has-text-align-center has-base-color has-text-color has-link-color has-xx-large-font-size wp-elements-b6e48031c0611564beee14bcd9939352\">Propiedades en venta en La Zagaleta<\/h2>\n<\/div><\/div>\n\n\n\n<div class=\"wp-block-group has-global-padding is-layout-constrained wp-block-group-is-layout-constrained\" style=\"margin-bottom:var(--wp--preset--spacing--50)\">\n<p class=\"has-text-align-center\">Explora nuestras propiedades en venta en La Zagaleta, donde el lujo y la privacidad alcanzan su m\u00e1xima expresi\u00f3n. Las propiedades en venta en La Zagaleta ofrecen un estilo de vida exclusivo y sofisticado en una de las zonas m\u00e1s prestigiosas de Marbella.<\/p>\n\n\n\n<div class=\"wp-block-group has-global-padding is-layout-constrained wp-block-group-is-layout-constrained\" style=\"margin-top:var(--wp--preset--spacing--30)\"><\/div>\n\n\n\t<div id=\"wpb__style_container\" class=\"wpb--container\">\r\n\t\t<div class=\"wpb--card-container\">\r\n\t\t\t<div class=\"wpb--card\">\n\t<div class=\"wpb--aspect-box wpb--panoramic\">\n\t\t<a class=\"wpb--stretched-link\" href=\"\/es\/propiedad\/venta-la-zagaleta-villa-610980\">\n\t\t\t\t\t\t\t<img decoding=\"async\" loading=\"lazy\" class=\"wpb--image-fit\" src=\"https:\/\/www.marbellaunique.com\/wp-content\/uploads\/inmoba\/thumb-all-610980.jpg\" alt=\"Villa contempor\u00e1nea exquisita en La Zagaleta, Benahav\u00eds\" \/>\n\t\t\t\n\t\t\t\t\t<\/a>\n\t<\/div>\n\t<div class=\"wpb--card-body\">\n\t\t<h4 class=\"wpb--card-title\">\n\t\t\t<a class=\"wpb--stretched-link\" href=\"\/es\/propiedad\/venta-la-zagaleta-villa-610980\">\n\t\t\t\t<small>La Zagaleta - Benahavis<\/small>\n\t\t\t\tVilla contempor\u00e1nea exquisita en La Zagaleta, Benahav\u00eds<\/a>\n\t\t<\/h4>\n\t\t\t\t\t\t<div class=\"wpb--card-price\">\n\t\t\t\t\t\t\t11.600.000 &euro;\t\t\t\t\t<\/div>\n\t\t\t\t<ul class=\"wpb--card-features\">\n\t\t\t\t\t\t\t\t<li>6  Dormitorios<\/li>\n\t\t\t\t\t\t\t\t<li>9  Ba\u00f1os<\/li>\n\t\t\t\t\t\t\t\t<li>5.394 m&sup2; Plano<\/li>\n\t\t\t\t\t\t\t\t<li>910 m&sup2; Const.<\/li>\n\t\t\t\t\t<\/ul>\n\t\t<span class=\"wpb--card-reference\">239-02326P<\/span>\n\t<\/div>\n<\/div>\n<div class=\"wpb--card\">\n\t<div class=\"wpb--aspect-box wpb--panoramic\">\n\t\t<a class=\"wpb--stretched-link\" href=\"\/es\/propiedad\/venta-la-zagaleta-villa-378641\">\n\t\t\t\t\t\t\t<img decoding=\"async\" loading=\"lazy\" class=\"wpb--image-fit\" src=\"https:\/\/www.marbellaunique.com\/wp-content\/uploads\/inmoba\/thumb-all-378641.jpg\" alt=\"Espectacular villa a estrenar de lujo de 8 dormitorios en La Zagaleta \" \/>\n\t\t\t\n\t\t\t\t\t<\/a>\n\t<\/div>\n\t<div class=\"wpb--card-body\">\n\t\t<h4 class=\"wpb--card-title\">\n\t\t\t<a class=\"wpb--stretched-link\" href=\"\/es\/propiedad\/venta-la-zagaleta-villa-378641\">\n\t\t\t\t<small>La Zagaleta - Benahavis<\/small>\n\t\t\t\tEspectacular villa a estrenar de lujo de 8 dormitorios en La Zagaleta <\/a>\n\t\t<\/h4>\n\t\t\t\t\t\t<div class=\"wpb--card-price\">\n\t\t\t\t\t\t\t24.750.000 &euro;\t\t\t\t\t<\/div>\n\t\t\t\t<ul class=\"wpb--card-features\">\n\t\t\t\t\t\t\t\t<li>9  Dormitorios<\/li>\n\t\t\t\t\t\t\t\t<li>9  Ba\u00f1os<\/li>\n\t\t\t\t\t\t\t\t<li>6.734 m&sup2; Plano<\/li>\n\t\t\t\t\t\t\t\t<li>1.380 m&sup2; Const.<\/li>\n\t\t\t\t\t<\/ul>\n\t\t<span class=\"wpb--card-reference\">239-01746P<\/span>\n\t<\/div>\n<\/div>\n<div class=\"wpb--card\">\n\t<div class=\"wpb--aspect-box wpb--panoramic\">\n\t\t<a class=\"wpb--stretched-link\" href=\"\/es\/propiedad\/venta-la-zagaleta-parcela-90702\">\n\t\t\t\t\t\t\t<img decoding=\"async\" loading=\"lazy\" class=\"wpb--image-fit\" src=\"https:\/\/www.marbellaunique.com\/wp-content\/uploads\/inmoba\/thumb-all-90702.jpg\" alt=\"Estupenda parcela con orientaci\u00f3n oeste en La Zagaleta\" \/>\n\t\t\t\n\t\t\t\t\t<\/a>\n\t<\/div>\n\t<div class=\"wpb--card-body\">\n\t\t<h4 class=\"wpb--card-title\">\n\t\t\t<a class=\"wpb--stretched-link\" href=\"\/es\/propiedad\/venta-la-zagaleta-parcela-90702\">\n\t\t\t\t<small>La Zagaleta - Benahavis<\/small>\n\t\t\t\tEstupenda parcela con orientaci\u00f3n oeste en La Zagaleta<\/a>\n\t\t<\/h4>\n\t\t\t\t\t\t<div class=\"wpb--card-price\">\n\t\t\t\t\t\t\t1.500.000 &euro;\t\t\t\t\t<\/div>\n\t\t\t\t<ul class=\"wpb--card-features\">\n\t\t\t\t\t\t\t\t<li>4.497 m&sup2; Plano<\/li>\n\t\t\t\t\t<\/ul>\n\t\t<span class=\"wpb--card-reference\">239-00632P<\/span>\n\t<\/div>\n<\/div>\n\t\t<\/div>\r\n\t\t<!-- Go to the full list -->\r\n\t\t\t\t<div class=\"wpb--center\">\r\n\t\t\t<a class=\"wpb--btn-outline\" href=\"\/es\/propiedades?l=es&refinesearch-typeselector=categories&o=dateCreated+DESC&f=sale&ct%5B%5D=6&pr%5B%5D=7&pr%5B%5D=4&c=c4&a=a161&pf=&pt=&t=&b=&r=#\">Ver m\u00e1s<\/a>\r\n\t\t<\/div>\r\n\t\t\t<\/div>\r\n\n<\/div>\n","protected":false},"excerpt":{"rendered":"<p>Explora nuestras propiedades en venta en La Zagaleta, donde el lujo y la privacidad alcanzan su m\u00e1xima expresi\u00f3n. Las propiedades en venta en La Zagaleta ofrecen un estilo de vida exclusivo y sofisticado en una de las zonas m\u00e1s prestigiosas de Marbella.<\/p>\n","protected":false},"author":9,"featured_media":0,"parent":9287,"menu_order":0,"comment_status":"closed","ping_status":"closed","template":"","meta":{"footnotes":""},"class_list":["post-9824","page","type-page","status-publish","hentry"],"_links":{"self":[{"href":"https:\/\/www.marbellaunique.com\/es\/wp-json\/wp\/v2\/pages\/9824","targetHints":{"allow":["GET"]}}],"collection":[{"href":"https:\/\/www.marbellaunique.com\/es\/wp-json\/wp\/v2\/pages"}],"about":[{"href":"https:\/\/www.marbellaunique.com\/es\/wp-json\/wp\/v2\/types\/page"}],"author":[{"embeddable":true,"href":"https:\/\/www.marbellaunique.com\/es\/wp-json\/wp\/v2\/users\/9"}],"replies":[{"embeddable":true,"href":"https:\/\/www.marbellaunique.com\/es\/wp-json\/wp\/v2\/comments?post=9824"}],"version-history":[{"count":1,"href":"https:\/\/www.marbellaunique.com\/es\/wp-json\/wp\/v2\/pages\/9824\/revisions"}],"predecessor-version":[{"id":9956,"href":"https:\/\/www.marbellaunique.com\/es\/wp-json\/wp\/v2\/pages\/9824\/revisions\/9956"}],"up":[{"embeddable":true,"href":"https:\/\/www.marbellaunique.com\/es\/wp-json\/wp\/v2\/pages\/9287"}],"wp:attachment":[{"href":"https:\/\/www.marbellaunique.com\/es\/wp-json\/wp\/v2\/media?parent=9824"}],"curies":[{"name":"wp","href":"https:\/\/api.w.org\/{rel}","templated":true}]}}